{"id":132,"date":"2017-02-24T14:40:18","date_gmt":"2017-02-24T13:40:18","guid":{"rendered":"http:\/\/wp.schutzgemeinschaft-ammersee.de\/wp\/?page_id=132"},"modified":"2017-04-21T08:29:16","modified_gmt":"2017-04-21T07:29:16","slug":"hoehlenbrueter","status":"publish","type":"page","link":"https:\/\/www.schutzgemeinschaft-ammersee.de\/wp\/?page_id=132","title":{"rendered":"H\u00f6hlenbr\u00fcter"},"content":{"rendered":"<h2 class=\"csc-header csc-header-n1\">Nisthilfen f\u00fcr den Trauerschn\u00e4pper<\/h2>\n<div id='gallery-1' class='gallery galleryid-132 gallery-columns-2 gallery-size-medium'><figure class='gallery-item'>\n\t\t\t<div class='gallery-icon landscape'>\n\t\t\t\t<img width=\"295\" height=\"220\" src=\"https:\/\/www.schutzgemeinschaft-ammersee.de\/wp\/wp-content\/uploads\/2017\/02\/Trauerschn\u00e4pper-W.Willner.jpg\" class=\"attachment-medium size-medium\" alt=\"\" decoding=\"async\" loading=\"lazy\" aria-describedby=\"gallery-1-135\" \/>\n\t\t\t<\/div>\n\t\t\t\t<figcaption class='wp-caption-text gallery-caption' id='gallery-1-135'>\n\t\t\t\tTrauerschn\u00e4pper \n\t\t\t\t<\/figcaption><\/figure><figure class='gallery-item'>\n\t\t\t<div class='gallery-icon landscape'>\n\t\t\t\t<img width=\"295\" height=\"212\" src=\"https:\/\/www.schutzgemeinschaft-ammersee.de\/wp\/wp-content\/uploads\/2017\/02\/Trauerschn\u00e4pper-2-W.Willner.jpg\" class=\"attachment-medium size-medium\" alt=\"\" decoding=\"async\" loading=\"lazy\" aria-describedby=\"gallery-1-136\" \/>\n\t\t\t<\/div>\n\t\t\t\t<figcaption class='wp-caption-text gallery-caption' id='gallery-1-136'>\n\t\t\t\tTrauerschn\u00e4pper  W. Willner\n\t\t\t\t<\/figcaption><\/figure>\n\t\t<\/div>\n\n<p class=\"bodytext\">Seit 1983\u00a0bem\u00fcht\u00a0sich Clemens Krafft um die Wiederansiedelung der Trauerschn\u00e4pper an der Ammer durch das Anbringen von geeigneten Nistm\u00f6glichkeiten. Ab\u00a01989 wurden die Nistk\u00e4sten dann angenommen.\u00a0Der Trauerschn\u00e4pper ist zum Br\u00fcten\u00a0auf Baumh\u00f6hlen angewiesen, die leider immer seltener werden. Durch das Aufh\u00e4ngen von geeigneten Nistk\u00e4sten ist es m\u00f6glich, diese Art zu f\u00f6rdern, wie sich auch hier gezeigt hat.<\/p>\n<p class=\"bodytext\">Clemens Krafft hat spezielle Vorderw\u00e4nde f\u00fcr die H\u00f6hlenbr\u00fcterk\u00e4sten konstruieren lassen, die\u00a0sich f\u00fcr Trauerschn\u00e4pper besonders gut eigenen. Allerdings ziehen auch gerne Feldsperlinge,\u00a0Meisen und Kleiber in die K\u00e4sten ein. Um den Trauerschn\u00e4ppern trotzdem eine Chance zu geben, werden die Vorderw\u00e4nde der Brutk\u00e4sten nach der Brutsaison im Sommer herausgenommen und erst dann wieder eingeh\u00e4ngt, wenn die Trauerschn\u00e4pper aus dem \u00dcberwinterungsgebiet wieder da sind, immer\u00a0in der dritten April- bzw. in der ersten Maiwoche.<\/p>\n<p class=\"bodytext\"><b>Wenn Sie also\u00a0an der Ammer Nistk\u00e4sten mit ausgeh\u00e4ngten Vorderw\u00e4nden finden, so ist das in Ordnung und eine auf die Trauerschn\u00e4pper speziell abgestimmte Ma\u00dfnahme.<\/b><\/p>\n<div id='gallery-2' class='gallery galleryid-132 gallery-columns-3 gallery-size-large'><figure class='gallery-item'>\n\t\t\t<div class='gallery-icon portrait'>\n\t\t\t\t<a href='https:\/\/www.schutzgemeinschaft-ammersee.de\/wp\/?attachment_id=141'><img width=\"193\" height=\"258\" src=\"https:\/\/www.schutzgemeinschaft-ammersee.de\/wp\/wp-content\/uploads\/2017\/02\/Trauerschn-Nistkastenkontrolle-1.jpg\" class=\"attachment-large size-large\" alt=\"\" decoding=\"async\" loading=\"lazy\" aria-describedby=\"gallery-2-141\" \/><\/a>\n\t\t\t<\/div>\n\t\t\t\t<figcaption class='wp-caption-text gallery-caption' id='gallery-2-141'>\n\t\t\t\tNistkastenkontrolle\n\t\t\t\t<\/figcaption><\/figure><figure class='gallery-item'>\n\t\t\t<div class='gallery-icon portrait'>\n\t\t\t\t<a href='https:\/\/www.schutzgemeinschaft-ammersee.de\/wp\/?attachment_id=143'><img width=\"193\" height=\"258\" src=\"https:\/\/www.schutzgemeinschaft-ammersee.de\/wp\/wp-content\/uploads\/2017\/02\/TRauerschn\u00e4pper-NIstkastenkontrolle-2.jpg\" class=\"attachment-large size-large\" alt=\"\" decoding=\"async\" loading=\"lazy\" aria-describedby=\"gallery-2-143\" \/><\/a>\n\t\t\t<\/div>\n\t\t\t\t<figcaption class='wp-caption-text gallery-caption' id='gallery-2-143'>\n\t\t\t\tNistkastenkontrolle\n\t\t\t\t<\/figcaption><\/figure><figure class='gallery-item'>\n\t\t\t<div class='gallery-icon portrait'>\n\t\t\t\t<a href='https:\/\/www.schutzgemeinschaft-ammersee.de\/wp\/?attachment_id=144'><img width=\"300\" height=\"400\" src=\"https:\/\/www.schutzgemeinschaft-ammersee.de\/wp\/wp-content\/uploads\/2017\/02\/Trauerschn\u00e4pper-Vorderwand.jpg\" class=\"attachment-large size-large\" alt=\"\" decoding=\"async\" loading=\"lazy\" aria-describedby=\"gallery-2-144\" srcset=\"https:\/\/www.schutzgemeinschaft-ammersee.de\/wp\/wp-content\/uploads\/2017\/02\/Trauerschn\u00e4pper-Vorderwand.jpg 300w, https:\/\/www.schutzgemeinschaft-ammersee.de\/wp\/wp-content\/uploads\/2017\/02\/Trauerschn\u00e4pper-Vorderwand-225x300.jpg 225w\" sizes=\"(max-width: 300px) 100vw, 300px\" \/><\/a>\n\t\t\t<\/div>\n\t\t\t\t<figcaption class='wp-caption-text gallery-caption' id='gallery-2-144'>\n\t\t\t\tFotos: H. Falk\n\t\t\t\t<\/figcaption><\/figure><figure class='gallery-item'>\n\t\t\t<div class='gallery-icon portrait'>\n\t\t\t\t<a href='https:\/\/www.schutzgemeinschaft-ammersee.de\/wp\/?attachment_id=145'><img width=\"194\" height=\"259\" src=\"https:\/\/www.schutzgemeinschaft-ammersee.de\/wp\/wp-content\/uploads\/2017\/02\/TrSchn\u00e4pper-\u00dcberbautes-Nest.jpg\" class=\"attachment-large size-large\" alt=\"\" decoding=\"async\" loading=\"lazy\" aria-describedby=\"gallery-2-145\" \/><\/a>\n\t\t\t<\/div>\n\t\t\t\t<figcaption class='wp-caption-text gallery-caption' id='gallery-2-145'>\n\t\t\t\t\u00fcberbautes Trauerschn\u00e4ppernest\n\t\t\t\t<\/figcaption><\/figure><figure class='gallery-item'>\n\t\t\t<div class='gallery-icon landscape'>\n\t\t\t\t<a href='https:\/\/www.schutzgemeinschaft-ammersee.de\/wp\/?attachment_id=142'><img width=\"295\" height=\"222\" src=\"https:\/\/www.schutzgemeinschaft-ammersee.de\/wp\/wp-content\/uploads\/2017\/02\/Trauerschn-Weibchen.jpg\" class=\"attachment-large size-large\" alt=\"\" decoding=\"async\" loading=\"lazy\" aria-describedby=\"gallery-2-142\" \/><\/a>\n\t\t\t<\/div>\n\t\t\t\t<figcaption class='wp-caption-text gallery-caption' id='gallery-2-142'>\n\t\t\t\tTrauerschn\u00e4pper Weibchen\n\t\t\t\t<\/figcaption><\/figure><figure class='gallery-item'>\n\t\t\t<div class='gallery-icon landscape'>\n\t\t\t\t<a href='https:\/\/www.schutzgemeinschaft-ammersee.de\/wp\/?attachment_id=140'><img width=\"295\" height=\"222\" src=\"https:\/\/www.schutzgemeinschaft-ammersee.de\/wp\/wp-content\/uploads\/2017\/02\/TRauerschn-Nest-mit-JUngen.jpg\" class=\"attachment-large size-large\" alt=\"\" decoding=\"async\" loading=\"lazy\" aria-describedby=\"gallery-2-140\" \/><\/a>\n\t\t\t<\/div>\n\t\t\t\t<figcaption class='wp-caption-text gallery-caption' id='gallery-2-140'>\n\t\t\t\tNest mit Jungen\n\t\t\t\t<\/figcaption><\/figure>\n\t\t<\/div>\n\n<h2 class=\"csc-header csc-header-n1\">Nisthilfen f\u00fcr\u00a0Hohltauben<\/h2>\n<p>Seit vielen Jahren werden von unserem Vorstandsmitglied Clemens Krafft die Hohltauben am Wessobrunner H\u00f6henr\u00fccken gef\u00f6rdert durch das Anbringen von Nistk\u00e4sten. 2017 wurden sie am 24.3. kontrolliert mit folgendem Ergebnis:<\/p>\n<p>Riederauer Seeholz 2016: 5 erfolgreiche Bruten<\/p>\n<p>Westl Riedereuaer Seeholz 2016: 2 erfolgreiche Bruten<\/p>\n<p>Am Horn 2016: 3 erfolgreiche Bruten<\/p>\n<p>Entraching 2016: 1 erfolgreiche Brut<\/p>\n<figure id=\"attachment_459\" aria-describedby=\"caption-attachment-459\" style=\"width: 235px\" class=\"wp-caption alignleft\"><a href=\"http:\/\/wp.schutzgemeinschaft-ammersee.de\/wp\/wp-content\/uploads\/2017\/04\/IMG_8454.jpg\"><img decoding=\"async\" loading=\"lazy\" class=\" size-medium wp-image-458 alignnone\" src=\"http:\/\/wp.schutzgemeinschaft-ammersee.de\/wp\/wp-content\/uploads\/2017\/04\/IMG_8454-235x300.jpg\" alt=\"img_8454\" width=\"235\" height=\"300\" srcset=\"https:\/\/www.schutzgemeinschaft-ammersee.de\/wp\/wp-content\/uploads\/2017\/04\/IMG_8454-235x300.jpg 235w, https:\/\/www.schutzgemeinschaft-ammersee.de\/wp\/wp-content\/uploads\/2017\/04\/IMG_8454.jpg 768w\" sizes=\"(max-width: 235px) 100vw, 235px\" \/><\/a><figcaption id=\"caption-attachment-459\" class=\"wp-caption-text\"><a href=\"http:\/\/wp.schutzgemeinschaft-ammersee.de\/wp\/wp-content\/uploads\/2017\/04\/IMG_8453.jpg\"><img decoding=\"async\" loading=\"lazy\" class=\"size-medium wp-image-459\" src=\"http:\/\/wp.schutzgemeinschaft-ammersee.de\/wp\/wp-content\/uploads\/2017\/04\/IMG_8453-232x300.jpg\" alt=\"C. Krafft bei der Kontrolle der Hohltaubenk\u00e4sten Fotos H. Prahl \" width=\"232\" height=\"300\" srcset=\"https:\/\/www.schutzgemeinschaft-ammersee.de\/wp\/wp-content\/uploads\/2017\/04\/IMG_8453-232x300.jpg 232w, https:\/\/www.schutzgemeinschaft-ammersee.de\/wp\/wp-content\/uploads\/2017\/04\/IMG_8453.jpg 768w\" sizes=\"(max-width: 232px) 100vw, 232px\" \/><\/a> C. Krafft bei der Kontrolle der Hohltaubenk\u00e4sten Fotos H. Prahl<\/figcaption><\/figure>\n<p><a href=\"http:\/\/wp.schutzgemeinschaft-ammersee.de\/wp\/wp-content\/uploads\/2017\/04\/Hohltaube-3-Foto-W.-Willner.jpg\"><img decoding=\"async\" loading=\"lazy\" class=\" size-medium wp-image-456 alignleft\" src=\"http:\/\/wp.schutzgemeinschaft-ammersee.de\/wp\/wp-content\/uploads\/2017\/04\/Hohltaube-3-Foto-W.-Willner-300x200.jpg\" alt=\"Hohltaube   (Columba oenas)\" width=\"300\" height=\"200\" srcset=\"https:\/\/www.schutzgemeinschaft-ammersee.de\/wp\/wp-content\/uploads\/2017\/04\/Hohltaube-3-Foto-W.-Willner-300x200.jpg 300w, https:\/\/www.schutzgemeinschaft-ammersee.de\/wp\/wp-content\/uploads\/2017\/04\/Hohltaube-3-Foto-W.-Willner-1024x683.jpg 1024w\" sizes=\"(max-width: 300px) 100vw, 300px\" \/><\/a><\/p>\n<figure id=\"attachment_457\" aria-describedby=\"caption-attachment-457\" style=\"width: 300px\" class=\"wp-caption alignleft\"><a href=\"http:\/\/wp.schutzgemeinschaft-ammersee.de\/wp\/wp-content\/uploads\/2017\/04\/Hohltaube-7-Foto-W.-Willner.jpg\"><img decoding=\"async\" loading=\"lazy\" class=\"size-medium wp-image-457\" src=\"http:\/\/wp.schutzgemeinschaft-ammersee.de\/wp\/wp-content\/uploads\/2017\/04\/Hohltaube-7-Foto-W.-Willner-300x200.jpg\" alt=\"Hohltauben  Foto: W. Willner\" width=\"300\" height=\"200\" srcset=\"https:\/\/www.schutzgemeinschaft-ammersee.de\/wp\/wp-content\/uploads\/2017\/04\/Hohltaube-7-Foto-W.-Willner-300x200.jpg 300w, https:\/\/www.schutzgemeinschaft-ammersee.de\/wp\/wp-content\/uploads\/2017\/04\/Hohltaube-7-Foto-W.-Willner-1024x683.jpg 1024w\" sizes=\"(max-width: 300px) 100vw, 300px\" \/><\/a><figcaption id=\"caption-attachment-457\" class=\"wp-caption-text\">Hohltauben Fotos: W. Willner<\/figcaption><\/figure>\n","protected":false},"excerpt":{"rendered":"<p>Nisthilfen f\u00fcr den Trauerschn\u00e4pper Seit 1983\u00a0bem\u00fcht\u00a0sich Clemens Krafft um die Wiederansiedelung der Trauerschn\u00e4pper an der Ammer durch das Anbringen von geeigneten Nistm\u00f6glichkeiten. Ab\u00a01989 wurden die Nistk\u00e4sten dann angenommen.\u00a0Der Trauerschn\u00e4pper ist zum Br\u00fcten\u00a0auf Baumh\u00f6hlen angewiesen, die leider immer seltener werden. Durch das Aufh\u00e4ngen von geeigneten Nistk\u00e4sten ist es m\u00f6glich, diese Art zu f\u00f6rdern, wie sich auch &hellip; <a href=\"https:\/\/www.schutzgemeinschaft-ammersee.de\/wp\/?page_id=132\" class=\"more-link\">Continue reading <span class=\"screen-reader-text\">H\u00f6hlenbr\u00fcter<\/span><\/a><\/p>\n","protected":false},"author":3,"featured_media":0,"parent":24,"menu_order":40,"comment_status":"closed","ping_status":"closed","template":"","meta":[],"_links":{"self":[{"href":"https:\/\/www.schutzgemeinschaft-ammersee.de\/wp\/index.php?rest_route=\/wp\/v2\/pages\/132"}],"collection":[{"href":"https:\/\/www.schutzgemeinschaft-ammersee.de\/wp\/index.php?rest_route=\/wp\/v2\/pages"}],"about":[{"href":"https:\/\/www.schutzgemeinschaft-ammersee.de\/wp\/index.php?rest_route=\/wp\/v2\/types\/page"}],"author":[{"embeddable":true,"href":"https:\/\/www.schutzgemeinschaft-ammersee.de\/wp\/index.php?rest_route=\/wp\/v2\/users\/3"}],"replies":[{"embeddable":true,"href":"https:\/\/www.schutzgemeinschaft-ammersee.de\/wp\/index.php?rest_route=%2Fwp%2Fv2%2Fcomments&post=132"}],"version-history":[{"count":11,"href":"https:\/\/www.schutzgemeinschaft-ammersee.de\/wp\/index.php?rest_route=\/wp\/v2\/pages\/132\/revisions"}],"predecessor-version":[{"id":486,"href":"https:\/\/www.schutzgemeinschaft-ammersee.de\/wp\/index.php?rest_route=\/wp\/v2\/pages\/132\/revisions\/486"}],"up":[{"embeddable":true,"href":"https:\/\/www.schutzgemeinschaft-ammersee.de\/wp\/index.php?rest_route=\/wp\/v2\/pages\/24"}],"wp:attachment":[{"href":"https:\/\/www.schutzgemeinschaft-ammersee.de\/wp\/index.php?rest_route=%2Fwp%2Fv2%2Fmedia&parent=132"}],"curies":[{"name":"wp","href":"https:\/\/api.w.org\/{rel}","templated":true}]}}