{"id":15,"date":"2017-02-18T12:43:46","date_gmt":"2017-02-18T11:43:46","guid":{"rendered":"http:\/\/wp.schutzgemeinschaft-ammersee.de\/wp\/?page_id=15"},"modified":"2025-06-25T07:06:53","modified_gmt":"2025-06-25T06:06:53","slug":"geschaeftsstelle","status":"publish","type":"page","link":"https:\/\/www.schutzgemeinschaft-ammersee.de\/wp\/?page_id=15","title":{"rendered":"Gesch\u00e4ftsstelle"},"content":{"rendered":"<div class=\"csc-header csc-header-n2\"><span style=\"font-family: verdana; font-size: medium;\"><b>Gesch\u00e4ftsstelle<\/b><\/span><br \/>\n<img decoding=\"async\" loading=\"lazy\" class=\"spacer-gif\" title=\"\" src=\"http:\/\/wp.schutzgemeinschaft-ammersee.de\/clear.gif\" alt=\"\" width=\"1\" height=\"5\" border=\"0\" \/><\/div>\n<p class=\"bodytext\">Gr\u00e4benbachweg 11<\/p>\n<p class=\"bodytext\">82399 Raisting<\/p>\n<p class=\"bodytext\">Tel.\/ AB 08807 &#8211; 9493489<\/p>\n<p class=\"bodytext\">E-Mail: schutzgemeinschaft.ammersee(at)t-online.de<\/p>\n<p>Erreichbar am besten Mittwoch und Freitag vormittags<\/p>\n<p class=\"bodytext\">V.i.S.d.P.: Markus Layritz<\/p>\n<p class=\"bodytext\"><b>Haftungshinweise<\/b><\/p>\n<p class=\"bodytext\">Der Inhalt der Web-Seiten der Schutzgemeinschaft Ammersee wird sorgf\u00e4ltig bearbeitet. Die Seiten\u00a0erheben jedoch keinerlei Anspruch auf Vollst\u00e4ndigkeit und Richtigkeit der bereitgestellten Informationen.<\/p>\n<p class=\"bodytext\">Wir weisen darauf hin, dass die Web-Seiten Links zu externen Anbietern enthalten k\u00f6nnen, f\u00fcr die wir keine Haftung \u00fcbernehmen. Funktion und Inhalte externer Links unterliegen der Haftung der jeweiligen Anbieter.<\/p>\n","protected":false},"excerpt":{"rendered":"<p>Gesch\u00e4ftsstelle Gr\u00e4benbachweg 11 82399 Raisting Tel.\/ AB 08807 &#8211; 9493489 E-Mail: schutzgemeinschaft.ammersee(at)t-online.de Erreichbar am besten Mittwoch und Freitag vormittags V.i.S.d.P.: Markus Layritz Haftungshinweise Der Inhalt der Web-Seiten der Schutzgemeinschaft Ammersee wird sorgf\u00e4ltig bearbeitet. Die Seiten\u00a0erheben jedoch keinerlei Anspruch auf Vollst\u00e4ndigkeit und Richtigkeit der bereitgestellten Informationen. Wir weisen darauf hin, dass die Web-Seiten Links zu externen &hellip; <a href=\"https:\/\/www.schutzgemeinschaft-ammersee.de\/wp\/?page_id=15\" class=\"more-link\">Continue reading <span class=\"screen-reader-text\">Gesch\u00e4ftsstelle<\/span><\/a><\/p>\n","protected":false},"author":2,"featured_media":0,"parent":11,"menu_order":10,"comment_status":"closed","ping_status":"closed","template":"","meta":[],"_links":{"self":[{"href":"https:\/\/www.schutzgemeinschaft-ammersee.de\/wp\/index.php?rest_route=\/wp\/v2\/pages\/15"}],"collection":[{"href":"https:\/\/www.schutzgemeinschaft-ammersee.de\/wp\/index.php?rest_route=\/wp\/v2\/pages"}],"about":[{"href":"https:\/\/www.schutzgemeinschaft-ammersee.de\/wp\/index.php?rest_route=\/wp\/v2\/types\/page"}],"author":[{"embeddable":true,"href":"https:\/\/www.schutzgemeinschaft-ammersee.de\/wp\/index.php?rest_route=\/wp\/v2\/users\/2"}],"replies":[{"embeddable":true,"href":"https:\/\/www.schutzgemeinschaft-ammersee.de\/wp\/index.php?rest_route=%2Fwp%2Fv2%2Fcomments&post=15"}],"version-history":[{"count":5,"href":"https:\/\/www.schutzgemeinschaft-ammersee.de\/wp\/index.php?rest_route=\/wp\/v2\/pages\/15\/revisions"}],"predecessor-version":[{"id":2037,"href":"https:\/\/www.schutzgemeinschaft-ammersee.de\/wp\/index.php?rest_route=\/wp\/v2\/pages\/15\/revisions\/2037"}],"up":[{"embeddable":true,"href":"https:\/\/www.schutzgemeinschaft-ammersee.de\/wp\/index.php?rest_route=\/wp\/v2\/pages\/11"}],"wp:attachment":[{"href":"https:\/\/www.schutzgemeinschaft-ammersee.de\/wp\/index.php?rest_route=%2Fwp%2Fv2%2Fmedia&parent=15"}],"curies":[{"name":"wp","href":"https:\/\/api.w.org\/{rel}","templated":true}]}}