{"id":24,"date":"2017-02-18T12:47:24","date_gmt":"2017-02-18T11:47:24","guid":{"rendered":"http:\/\/wp.schutzgemeinschaft-ammersee.de\/wp\/?page_id=24"},"modified":"2024-04-19T10:51:11","modified_gmt":"2024-04-19T09:51:11","slug":"artenhilfsprojekte","status":"publish","type":"page","link":"https:\/\/www.schutzgemeinschaft-ammersee.de\/wp\/?page_id=24","title":{"rendered":"Artenhilfsprojekte"},"content":{"rendered":"<p class=\"bodytext\"><b>Unser Verein st\u00f6\u00dft an, plant, setzt in die Tat um und \u00a0betreut eine Reihe von Artenhilfsprojekte wie:<\/b><\/p>\n<p class=\"bodytext\">Brutw\u00e4nde f\u00fcr <a href=\"https:\/\/www.schutzgemeinschaft-ammersee.de\/wp\/wp-admin\/post.php?post=407&amp;action=edit\">Eisv\u00f6gel <\/a>und<a title=\"Uferschwalbenw\u00e4nde\" href=\"http:\/\/wp.schutzgemeinschaft-ammersee.de\/wp\/?page_id=375\"> Uferschwalben<\/a>.<\/p>\n<p class=\"bodytext\">Nistk\u00e4sten f\u00fcr <a title=\"H\u00f6hlenbr\u00fcter\" href=\"http:\/\/wp.schutzgemeinschaft-ammersee.de\/wp\/?page_id=132\">H\u00f6hlenbr\u00fcter<\/a>:\u00a0Dohlen, Hohltauben, Turmfalken, Rauhfu\u00df- und Sperlingsk\u00e4uze,\u00a0Trauerschn\u00e4pper an der Ammer<\/p>\n<p class=\"bodytext\">Ein\u00a0Flo\u00df f\u00fcr die\u00a0<a title=\"Flussseeschwalben\" href=\"http:\/\/wp.schutzgemeinschaft-ammersee.de\/wp\/?page_id=116\">Flussseeschwalben<\/a><\/p>\n<p class=\"bodytext\">Nisthilfen f\u00fcr\u00a0<a title=\"Wei\u00dfst\u00f6rche\" href=\"http:\/\/wp.schutzgemeinschaft-ammersee.de\/wp\/?page_id=28\">Wei\u00dfst\u00f6rche<\/a><\/p>\n<div id='gallery-1' class='gallery galleryid-24 gallery-columns-2 gallery-size-full'><figure class='gallery-item'>\n\t\t\t<div class='gallery-icon landscape'>\n\t\t\t\t<a href='https:\/\/www.schutzgemeinschaft-ammersee.de\/wp\/?attachment_id=175'><img width=\"1024\" height=\"768\" src=\"https:\/\/www.schutzgemeinschaft-ammersee.de\/wp\/wp-content\/uploads\/2017\/02\/fertige-Kasperlwand.jpg\" class=\"attachment-full size-full\" alt=\"\" decoding=\"async\" loading=\"lazy\" aria-describedby=\"gallery-1-175\" srcset=\"https:\/\/www.schutzgemeinschaft-ammersee.de\/wp\/wp-content\/uploads\/2017\/02\/fertige-Kasperlwand.jpg 1024w, https:\/\/www.schutzgemeinschaft-ammersee.de\/wp\/wp-content\/uploads\/2017\/02\/fertige-Kasperlwand-300x225.jpg 300w\" sizes=\"(max-width: 1024px) 100vw, 1024px\" \/><\/a>\n\t\t\t<\/div>\n\t\t\t\t<figcaption class='wp-caption-text gallery-caption' id='gallery-1-175'>\n\t\t\t\tK\u00fcnstliche Uferschwalbensteilwand\n\t\t\t\t<\/figcaption><\/figure><figure class='gallery-item'>\n\t\t\t<div class='gallery-icon portrait'>\n\t\t\t\t<a href='https:\/\/www.schutzgemeinschaft-ammersee.de\/wp\/?attachment_id=143'><img width=\"193\" height=\"258\" src=\"https:\/\/www.schutzgemeinschaft-ammersee.de\/wp\/wp-content\/uploads\/2017\/02\/TRauerschn\u00e4pper-NIstkastenkontrolle-2.jpg\" class=\"attachment-full size-full\" alt=\"\" decoding=\"async\" loading=\"lazy\" aria-describedby=\"gallery-1-143\" \/><\/a>\n\t\t\t<\/div>\n\t\t\t\t<figcaption class='wp-caption-text gallery-caption' id='gallery-1-143'>\n\t\t\t\tNistkastenkontrolle\n\t\t\t\t<\/figcaption><\/figure><figure class='gallery-item'>\n\t\t\t<div class='gallery-icon landscape'>\n\t\t\t\t<a href='https:\/\/www.schutzgemeinschaft-ammersee.de\/wp\/?attachment_id=177'><img width=\"1024\" height=\"768\" src=\"https:\/\/www.schutzgemeinschaft-ammersee.de\/wp\/wp-content\/uploads\/2017\/02\/P1030458.jpg\" class=\"attachment-full size-full\" alt=\"\" decoding=\"async\" loading=\"lazy\" aria-describedby=\"gallery-1-177\" srcset=\"https:\/\/www.schutzgemeinschaft-ammersee.de\/wp\/wp-content\/uploads\/2017\/02\/P1030458.jpg 1024w, https:\/\/www.schutzgemeinschaft-ammersee.de\/wp\/wp-content\/uploads\/2017\/02\/P1030458-300x225.jpg 300w\" sizes=\"(max-width: 1024px) 100vw, 1024px\" \/><\/a>\n\t\t\t<\/div>\n\t\t\t\t<figcaption class='wp-caption-text gallery-caption' id='gallery-1-177'>\n\t\t\t\tBetreuung Flussseeschwalbenflo\u00df\n\t\t\t\t<\/figcaption><\/figure><figure class='gallery-item'>\n\t\t\t<div class='gallery-icon landscape'>\n\t\t\t\t<a href='https:\/\/www.schutzgemeinschaft-ammersee.de\/wp\/?attachment_id=174'><img width=\"1024\" height=\"768\" src=\"https:\/\/www.schutzgemeinschaft-ammersee.de\/wp\/wp-content\/uploads\/2017\/02\/20100320_Aufhorsten1.jpg\" class=\"attachment-full size-full\" alt=\"\" decoding=\"async\" loading=\"lazy\" aria-describedby=\"gallery-1-174\" srcset=\"https:\/\/www.schutzgemeinschaft-ammersee.de\/wp\/wp-content\/uploads\/2017\/02\/20100320_Aufhorsten1.jpg 1024w, https:\/\/www.schutzgemeinschaft-ammersee.de\/wp\/wp-content\/uploads\/2017\/02\/20100320_Aufhorsten1-300x225.jpg 300w\" sizes=\"(max-width: 1024px) 100vw, 1024px\" \/><\/a>\n\t\t\t<\/div>\n\t\t\t\t<figcaption class='wp-caption-text gallery-caption' id='gallery-1-174'>\n\t\t\t\tBetreuung der Storchenhorste\n\t\t\t\t<\/figcaption><\/figure><figure class='gallery-item'>\n\t\t\t<div class='gallery-icon portrait'>\n\t\t\t\t<a href='https:\/\/www.schutzgemeinschaft-ammersee.de\/wp\/?attachment_id=176'><img width=\"768\" height=\"1024\" src=\"https:\/\/www.schutzgemeinschaft-ammersee.de\/wp\/wp-content\/uploads\/2017\/02\/DSCI9685.jpg\" class=\"attachment-full size-full\" alt=\"\" decoding=\"async\" loading=\"lazy\" aria-describedby=\"gallery-1-176\" srcset=\"https:\/\/www.schutzgemeinschaft-ammersee.de\/wp\/wp-content\/uploads\/2017\/02\/DSCI9685.jpg 768w, https:\/\/www.schutzgemeinschaft-ammersee.de\/wp\/wp-content\/uploads\/2017\/02\/DSCI9685-225x300.jpg 225w\" sizes=\"(max-width: 768px) 100vw, 768px\" \/><\/a>\n\t\t\t<\/div>\n\t\t\t\t<figcaption class='wp-caption-text gallery-caption' id='gallery-1-176'>\n\t\t\t\tAnbringen eines Fischadlerhorstes\n\t\t\t\t<\/figcaption><\/figure><figure class='gallery-item'>\n\t\t\t<div class='gallery-icon portrait'>\n\t\t\t\t<a href='https:\/\/www.schutzgemeinschaft-ammersee.de\/wp\/?attachment_id=373'><img width=\"768\" height=\"1148\" src=\"https:\/\/www.schutzgemeinschaft-ammersee.de\/wp\/wp-content\/uploads\/2017\/02\/P1000332-e1668501656120.jpg\" class=\"attachment-full size-full\" alt=\"\" decoding=\"async\" loading=\"lazy\" aria-describedby=\"gallery-1-373\" srcset=\"https:\/\/www.schutzgemeinschaft-ammersee.de\/wp\/wp-content\/uploads\/2017\/02\/P1000332-e1668501656120.jpg 768w, https:\/\/www.schutzgemeinschaft-ammersee.de\/wp\/wp-content\/uploads\/2017\/02\/P1000332-e1668501656120-201x300.jpg 201w, https:\/\/www.schutzgemeinschaft-ammersee.de\/wp\/wp-content\/uploads\/2017\/02\/P1000332-e1668501656120-685x1024.jpg 685w\" sizes=\"(max-width: 768px) 100vw, 768px\" \/><\/a>\n\t\t\t<\/div>\n\t\t\t\t<figcaption class='wp-caption-text gallery-caption' id='gallery-1-373'>\n\t\t\t\tAnbringen von Kunstnestern f\u00fcr Mehlschwalben\n\t\t\t\t<\/figcaption><\/figure><figure class='gallery-item'>\n\t\t\t<div class='gallery-icon landscape'>\n\t\t\t\t<a href='https:\/\/www.schutzgemeinschaft-ammersee.de\/wp\/?attachment_id=1829'><img width=\"2560\" height=\"1920\" src=\"https:\/\/www.schutzgemeinschaft-ammersee.de\/wp\/wp-content\/uploads\/2023\/08\/P1050781.jpg\" class=\"attachment-full size-full\" alt=\"Eisvogelsteilwand\" decoding=\"async\" loading=\"lazy\" aria-describedby=\"gallery-1-1829\" srcset=\"https:\/\/www.schutzgemeinschaft-ammersee.de\/wp\/wp-content\/uploads\/2023\/08\/P1050781.jpg 2560w, https:\/\/www.schutzgemeinschaft-ammersee.de\/wp\/wp-content\/uploads\/2023\/08\/P1050781-300x225.jpg 300w, https:\/\/www.schutzgemeinschaft-ammersee.de\/wp\/wp-content\/uploads\/2023\/08\/P1050781-1024x768.jpg 1024w, https:\/\/www.schutzgemeinschaft-ammersee.de\/wp\/wp-content\/uploads\/2023\/08\/P1050781-768x576.jpg 768w, https:\/\/www.schutzgemeinschaft-ammersee.de\/wp\/wp-content\/uploads\/2023\/08\/P1050781-1536x1152.jpg 1536w, https:\/\/www.schutzgemeinschaft-ammersee.de\/wp\/wp-content\/uploads\/2023\/08\/P1050781-2048x1536.jpg 2048w\" sizes=\"(max-width: 2560px) 100vw, 2560px\" \/><\/a>\n\t\t\t<\/div>\n\t\t\t\t<figcaption class='wp-caption-text gallery-caption' id='gallery-1-1829'>\n\t\t\t\tEisvogelsteilwand Fotos. H Falk\n\t\t\t\t<\/figcaption><\/figure><figure class='gallery-item'>\n\t\t\t<div class='gallery-icon landscape'>\n\t\t\t\t<a href='https:\/\/www.schutzgemeinschaft-ammersee.de\/wp\/?attachment_id=1830'><img width=\"2560\" height=\"1920\" src=\"https:\/\/www.schutzgemeinschaft-ammersee.de\/wp\/wp-content\/uploads\/2023\/08\/P1050776.jpg\" class=\"attachment-full size-full\" alt=\"\u00d6ffnen des Brutraumes der Eisvogelsteilwand\" decoding=\"async\" loading=\"lazy\" aria-describedby=\"gallery-1-1830\" srcset=\"https:\/\/www.schutzgemeinschaft-ammersee.de\/wp\/wp-content\/uploads\/2023\/08\/P1050776.jpg 2560w, https:\/\/www.schutzgemeinschaft-ammersee.de\/wp\/wp-content\/uploads\/2023\/08\/P1050776-300x225.jpg 300w, https:\/\/www.schutzgemeinschaft-ammersee.de\/wp\/wp-content\/uploads\/2023\/08\/P1050776-1024x768.jpg 1024w, https:\/\/www.schutzgemeinschaft-ammersee.de\/wp\/wp-content\/uploads\/2023\/08\/P1050776-768x576.jpg 768w, https:\/\/www.schutzgemeinschaft-ammersee.de\/wp\/wp-content\/uploads\/2023\/08\/P1050776-1536x1152.jpg 1536w, https:\/\/www.schutzgemeinschaft-ammersee.de\/wp\/wp-content\/uploads\/2023\/08\/P1050776-2048x1536.jpg 2048w\" sizes=\"(max-width: 2560px) 100vw, 2560px\" \/><\/a>\n\t\t\t<\/div>\n\t\t\t\t<figcaption class='wp-caption-text gallery-caption' id='gallery-1-1830'>\n\t\t\t\t\u00d6ffnen des Brutraumes der Eisvogelsteilwand\n\t\t\t\t<\/figcaption><\/figure>\n\t\t<\/div>\n\n","protected":false},"excerpt":{"rendered":"<p>Unser Verein st\u00f6\u00dft an, plant, setzt in die Tat um und \u00a0betreut eine Reihe von Artenhilfsprojekte wie: Brutw\u00e4nde f\u00fcr Eisv\u00f6gel und Uferschwalben. Nistk\u00e4sten f\u00fcr H\u00f6hlenbr\u00fcter:\u00a0Dohlen, Hohltauben, Turmfalken, Rauhfu\u00df- und Sperlingsk\u00e4uze,\u00a0Trauerschn\u00e4pper an der Ammer Ein\u00a0Flo\u00df f\u00fcr die\u00a0Flussseeschwalben Nisthilfen f\u00fcr\u00a0Wei\u00dfst\u00f6rche<\/p>\n","protected":false},"author":2,"featured_media":0,"parent":0,"menu_order":30,"comment_status":"closed","ping_status":"closed","template":"","meta":[],"_links":{"self":[{"href":"https:\/\/www.schutzgemeinschaft-ammersee.de\/wp\/index.php?rest_route=\/wp\/v2\/pages\/24"}],"collection":[{"href":"https:\/\/www.schutzgemeinschaft-ammersee.de\/wp\/index.php?rest_route=\/wp\/v2\/pages"}],"about":[{"href":"https:\/\/www.schutzgemeinschaft-ammersee.de\/wp\/index.php?rest_route=\/wp\/v2\/types\/page"}],"author":[{"embeddable":true,"href":"https:\/\/www.schutzgemeinschaft-ammersee.de\/wp\/index.php?rest_route=\/wp\/v2\/users\/2"}],"replies":[{"embeddable":true,"href":"https:\/\/www.schutzgemeinschaft-ammersee.de\/wp\/index.php?rest_route=%2Fwp%2Fv2%2Fcomments&post=24"}],"version-history":[{"count":16,"href":"https:\/\/www.schutzgemeinschaft-ammersee.de\/wp\/index.php?rest_route=\/wp\/v2\/pages\/24\/revisions"}],"predecessor-version":[{"id":1927,"href":"https:\/\/www.schutzgemeinschaft-ammersee.de\/wp\/index.php?rest_route=\/wp\/v2\/pages\/24\/revisions\/1927"}],"wp:attachment":[{"href":"https:\/\/www.schutzgemeinschaft-ammersee.de\/wp\/index.php?rest_route=%2Fwp%2Fv2%2Fmedia&parent=24"}],"curies":[{"name":"wp","href":"https:\/\/api.w.org\/{rel}","templated":true}]}}