{"id":26,"date":"2017-02-18T12:48:27","date_gmt":"2017-02-18T11:48:27","guid":{"rendered":"http:\/\/wp.schutzgemeinschaft-ammersee.de\/wp\/?page_id=26"},"modified":"2022-11-11T09:37:53","modified_gmt":"2022-11-11T08:37:53","slug":"hot-spot-projekt-alpenflusslandschaften","status":"publish","type":"page","link":"https:\/\/www.schutzgemeinschaft-ammersee.de\/wp\/?page_id=26","title":{"rendered":"Hot Spot Projekt Alpenflu\u00dflandschaften"},"content":{"rendered":"<div class=\"csc-header csc-header-n1\">\n<div id='gallery-1' class='gallery galleryid-26 gallery-columns-6 gallery-size-medium'><figure class='gallery-item'>\n\t\t\t<div class='gallery-icon portrait'>\n\t\t\t\t<a href='https:\/\/www.schutzgemeinschaft-ammersee.de\/wp\/?attachment_id=436'><img width=\"200\" height=\"300\" src=\"https:\/\/www.schutzgemeinschaft-ammersee.de\/wp\/wp-content\/uploads\/2017\/02\/NoTab_WWF_Panda_A4-200x300.png\" class=\"attachment-medium size-medium\" alt=\"\" decoding=\"async\" loading=\"lazy\" srcset=\"https:\/\/www.schutzgemeinschaft-ammersee.de\/wp\/wp-content\/uploads\/2017\/02\/NoTab_WWF_Panda_A4-200x300.png 200w, https:\/\/www.schutzgemeinschaft-ammersee.de\/wp\/wp-content\/uploads\/2017\/02\/NoTab_WWF_Panda_A4-683x1024.png 683w, https:\/\/www.schutzgemeinschaft-ammersee.de\/wp\/wp-content\/uploads\/2017\/02\/NoTab_WWF_Panda_A4.png 1780w\" sizes=\"(max-width: 200px) 100vw, 200px\" \/><\/a>\n\t\t\t<\/div><\/figure><figure class='gallery-item'>\n\t\t\t<div class='gallery-icon landscape'>\n\t\t\t\t<a href='https:\/\/www.schutzgemeinschaft-ammersee.de\/wp\/?attachment_id=435'><img width=\"300\" height=\"174\" src=\"https:\/\/www.schutzgemeinschaft-ammersee.de\/wp\/wp-content\/uploads\/2017\/02\/LBV_48mm_4C_ohne_Schrift-300x174.jpg\" class=\"attachment-medium size-medium\" alt=\"\" decoding=\"async\" loading=\"lazy\" srcset=\"https:\/\/www.schutzgemeinschaft-ammersee.de\/wp\/wp-content\/uploads\/2017\/02\/LBV_48mm_4C_ohne_Schrift-300x174.jpg 300w, https:\/\/www.schutzgemeinschaft-ammersee.de\/wp\/wp-content\/uploads\/2017\/02\/LBV_48mm_4C_ohne_Schrift.jpg 530w\" sizes=\"(max-width: 300px) 100vw, 300px\" \/><\/a>\n\t\t\t<\/div><\/figure><figure class='gallery-item'>\n\t\t\t<div class='gallery-icon landscape'>\n\t\t\t\t<a href='https:\/\/www.schutzgemeinschaft-ammersee.de\/wp\/?attachment_id=434'><img width=\"300\" height=\"152\" src=\"https:\/\/www.schutzgemeinschaft-ammersee.de\/wp\/wp-content\/uploads\/2017\/02\/BMUB-Logo_deutsch_CMYK_300dpi-300x152.jpg\" class=\"attachment-medium size-medium\" alt=\"\" decoding=\"async\" loading=\"lazy\" srcset=\"https:\/\/www.schutzgemeinschaft-ammersee.de\/wp\/wp-content\/uploads\/2017\/02\/BMUB-Logo_deutsch_CMYK_300dpi-300x152.jpg 300w, https:\/\/www.schutzgemeinschaft-ammersee.de\/wp\/wp-content\/uploads\/2017\/02\/BMUB-Logo_deutsch_CMYK_300dpi.jpg 825w\" sizes=\"(max-width: 300px) 100vw, 300px\" \/><\/a>\n\t\t\t<\/div><\/figure><figure class='gallery-item'>\n\t\t\t<div class='gallery-icon landscape'>\n\t\t\t\t<a href='https:\/\/www.schutzgemeinschaft-ammersee.de\/wp\/?attachment_id=433'><img width=\"300\" height=\"79\" src=\"https:\/\/www.schutzgemeinschaft-ammersee.de\/wp\/wp-content\/uploads\/2017\/02\/Bundesprogramm_S-300x79.jpg\" class=\"attachment-medium size-medium\" alt=\"\" decoding=\"async\" loading=\"lazy\" srcset=\"https:\/\/www.schutzgemeinschaft-ammersee.de\/wp\/wp-content\/uploads\/2017\/02\/Bundesprogramm_S-300x79.jpg 300w, https:\/\/www.schutzgemeinschaft-ammersee.de\/wp\/wp-content\/uploads\/2017\/02\/Bundesprogramm_S.jpg 531w\" sizes=\"(max-width: 300px) 100vw, 300px\" \/><\/a>\n\t\t\t<\/div><\/figure><figure class='gallery-item'>\n\t\t\t<div class='gallery-icon landscape'>\n\t\t\t\t<a href='https:\/\/www.schutzgemeinschaft-ammersee.de\/wp\/?attachment_id=432'><img width=\"300\" height=\"300\" src=\"https:\/\/www.schutzgemeinschaft-ammersee.de\/wp\/wp-content\/uploads\/2017\/02\/logo_bnf-300x300.gif\" class=\"attachment-medium size-medium\" alt=\"\" decoding=\"async\" loading=\"lazy\" srcset=\"https:\/\/www.schutzgemeinschaft-ammersee.de\/wp\/wp-content\/uploads\/2017\/02\/logo_bnf-300x300.gif 300w, https:\/\/www.schutzgemeinschaft-ammersee.de\/wp\/wp-content\/uploads\/2017\/02\/logo_bnf-150x150.gif 150w\" sizes=\"(max-width: 300px) 100vw, 300px\" \/><\/a>\n\t\t\t<\/div><\/figure><figure class='gallery-item'>\n\t\t\t<div class='gallery-icon landscape'>\n\t\t\t\t<a href='https:\/\/www.schutzgemeinschaft-ammersee.de\/wp\/?attachment_id=431'><img width=\"300\" height=\"292\" src=\"https:\/\/www.schutzgemeinschaft-ammersee.de\/wp\/wp-content\/uploads\/2017\/02\/RZ_Logo-BfN-2014_4C-300x292.jpg\" class=\"attachment-medium size-medium\" alt=\"\" decoding=\"async\" loading=\"lazy\" srcset=\"https:\/\/www.schutzgemeinschaft-ammersee.de\/wp\/wp-content\/uploads\/2017\/02\/RZ_Logo-BfN-2014_4C-300x292.jpg 300w, https:\/\/www.schutzgemeinschaft-ammersee.de\/wp\/wp-content\/uploads\/2017\/02\/RZ_Logo-BfN-2014_4C-1024x996.jpg 1024w, https:\/\/www.schutzgemeinschaft-ammersee.de\/wp\/wp-content\/uploads\/2017\/02\/RZ_Logo-BfN-2014_4C.jpg 1265w\" sizes=\"(max-width: 300px) 100vw, 300px\" \/><\/a>\n\t\t\t<\/div><\/figure>\n\t\t<\/div>\n\n<h2 style=\"text-align: center;\"><b>Alpenflusslandschaften Vielfalt leben von <\/b><\/h2>\n<h2 style=\"text-align: center;\"><b>Ammersee bis Zugspitze<\/b><\/h2>\n<\/div>\n<p>Da Projekt ist nach sechs Jahren mit vielen erfolgreich durchgef\u00fchrten Ma\u00dfnahmen zu Ende gegangen. Einen ausf\u00fchrlichen Bericht \u00fcber alle Projekte im Gebiet finden Sie auf der Projektseite. <a href=\"https:\/\/www.alpenflusslandschaften.de\/de\/abschluss.html\">https:\/\/www.alpenflusslandschaften.de\/de\/abschluss.html<\/a><\/p>\n<div class=\"csc-header csc-header-n1\">\n<h3><img decoding=\"async\" loading=\"lazy\" class=\"spacer-gif aligncenter\" title=\"\" src=\"http:\/\/wp.schutzgemeinschaft-ammersee.de\/clear.gif\" alt=\"\" width=\"1\" height=\"5\" border=\"0\" \/><\/h3>\n<\/div>\n<div class=\"csc-textpic csc-textpic-intext-right\">\n<div class=\"csc-textpic-imagewrap\">\n<div class=\"csc-textpic-imagerow\">\n<dl class=\"csc-textpic-image csc-textpic-firstcol csc-textpic-lastcol\">\n<dd class=\"csc-textpic-caption\"><a href=\"http:\/\/wp.schutzgemeinschaft-ammersee.de\/wp\/wp-content\/uploads\/2017\/02\/Laubfroscht\u00fcmpel-2.jpg\"><img decoding=\"async\" loading=\"lazy\" class=\" size-medium wp-image-353 alignleft\" src=\"http:\/\/wp.schutzgemeinschaft-ammersee.de\/wp\/wp-content\/uploads\/2017\/02\/Laubfroscht\u00fcmpel-2-300x201.jpg\" alt=\"laubfroschtuempel-2\" width=\"300\" height=\"201\" srcset=\"https:\/\/www.schutzgemeinschaft-ammersee.de\/wp\/wp-content\/uploads\/2017\/02\/Laubfroscht\u00fcmpel-2-300x201.jpg 300w, https:\/\/www.schutzgemeinschaft-ammersee.de\/wp\/wp-content\/uploads\/2017\/02\/Laubfroscht\u00fcmpel-2-1024x685.jpg 1024w, https:\/\/www.schutzgemeinschaft-ammersee.de\/wp\/wp-content\/uploads\/2017\/02\/Laubfroscht\u00fcmpel-2.jpg 1148w\" sizes=\"(max-width: 300px) 100vw, 300px\" \/><\/a> <a href=\"http:\/\/wp.schutzgemeinschaft-ammersee.de\/wp\/wp-content\/uploads\/2017\/02\/K1024_P1010531.jpg\"><img decoding=\"async\" loading=\"lazy\" class=\" size-medium wp-image-355 alignright\" src=\"http:\/\/wp.schutzgemeinschaft-ammersee.de\/wp\/wp-content\/uploads\/2017\/02\/K1024_P1010531-300x200.jpg\" alt=\"k1024_p1010531\" width=\"300\" height=\"200\" srcset=\"https:\/\/www.schutzgemeinschaft-ammersee.de\/wp\/wp-content\/uploads\/2017\/02\/K1024_P1010531-300x200.jpg 300w, https:\/\/www.schutzgemeinschaft-ammersee.de\/wp\/wp-content\/uploads\/2017\/02\/K1024_P1010531-1024x683.jpg 1024w, https:\/\/www.schutzgemeinschaft-ammersee.de\/wp\/wp-content\/uploads\/2017\/02\/K1024_P1010531.jpg 1152w\" sizes=\"(max-width: 300px) 100vw, 300px\" \/><\/a> <a href=\"http:\/\/wp.schutzgemeinschaft-ammersee.de\/wp\/wp-content\/uploads\/2017\/02\/P1010521.jpg\"><img decoding=\"async\" loading=\"lazy\" class=\" size-medium wp-image-356 alignright\" src=\"http:\/\/wp.schutzgemeinschaft-ammersee.de\/wp\/wp-content\/uploads\/2017\/02\/P1010521-300x225.jpg\" alt=\"p1010521\" width=\"300\" height=\"225\" srcset=\"https:\/\/www.schutzgemeinschaft-ammersee.de\/wp\/wp-content\/uploads\/2017\/02\/P1010521-300x225.jpg 300w, https:\/\/www.schutzgemeinschaft-ammersee.de\/wp\/wp-content\/uploads\/2017\/02\/P1010521-1024x768.jpg 1024w\" sizes=\"(max-width: 300px) 100vw, 300px\" \/><\/a> <a href=\"http:\/\/wp.schutzgemeinschaft-ammersee.de\/wp\/wp-content\/uploads\/2017\/02\/Obere-Filze-2.jpg\"><img decoding=\"async\" loading=\"lazy\" class=\" size-medium wp-image-357 alignleft\" src=\"http:\/\/wp.schutzgemeinschaft-ammersee.de\/wp\/wp-content\/uploads\/2017\/02\/Obere-Filze-2-300x201.jpg\" alt=\"obere-filze-2\" width=\"300\" height=\"201\" srcset=\"https:\/\/www.schutzgemeinschaft-ammersee.de\/wp\/wp-content\/uploads\/2017\/02\/Obere-Filze-2-300x201.jpg 300w, https:\/\/www.schutzgemeinschaft-ammersee.de\/wp\/wp-content\/uploads\/2017\/02\/Obere-Filze-2-1024x685.jpg 1024w, https:\/\/www.schutzgemeinschaft-ammersee.de\/wp\/wp-content\/uploads\/2017\/02\/Obere-Filze-2.jpg 1148w\" sizes=\"(max-width: 300px) 100vw, 300px\" \/><\/a> <a href=\"http:\/\/wp.schutzgemeinschaft-ammersee.de\/wp\/wp-content\/uploads\/2017\/02\/Obere-Filze-4.jpg\"><img decoding=\"async\" loading=\"lazy\" class=\" size-medium wp-image-358 alignleft\" src=\"http:\/\/wp.schutzgemeinschaft-ammersee.de\/wp\/wp-content\/uploads\/2017\/02\/Obere-Filze-4-300x201.jpg\" alt=\"obere-filze-4\" width=\"300\" height=\"201\" srcset=\"https:\/\/www.schutzgemeinschaft-ammersee.de\/wp\/wp-content\/uploads\/2017\/02\/Obere-Filze-4-300x201.jpg 300w, https:\/\/www.schutzgemeinschaft-ammersee.de\/wp\/wp-content\/uploads\/2017\/02\/Obere-Filze-4-1024x685.jpg 1024w, https:\/\/www.schutzgemeinschaft-ammersee.de\/wp\/wp-content\/uploads\/2017\/02\/Obere-Filze-4.jpg 1148w\" sizes=\"(max-width: 300px) 100vw, 300px\" \/><\/a> <a href=\"http:\/\/wp.schutzgemeinschaft-ammersee.de\/wp\/wp-content\/uploads\/2017\/02\/K1024_P1010581.jpg\"><img decoding=\"async\" loading=\"lazy\" class=\"size-medium wp-image-359 alignleft\" src=\"http:\/\/wp.schutzgemeinschaft-ammersee.de\/wp\/wp-content\/uploads\/2017\/02\/K1024_P1010581-300x200.jpg\" alt=\"k1024_p1010581\" width=\"300\" height=\"200\" srcset=\"https:\/\/www.schutzgemeinschaft-ammersee.de\/wp\/wp-content\/uploads\/2017\/02\/K1024_P1010581-300x200.jpg 300w, https:\/\/www.schutzgemeinschaft-ammersee.de\/wp\/wp-content\/uploads\/2017\/02\/K1024_P1010581-1024x683.jpg 1024w, https:\/\/www.schutzgemeinschaft-ammersee.de\/wp\/wp-content\/uploads\/2017\/02\/K1024_P1010581.jpg 1152w\" sizes=\"(max-width: 300px) 100vw, 300px\" \/><\/a> <a href=\"http:\/\/wp.schutzgemeinschaft-ammersee.de\/wp\/wp-content\/uploads\/2017\/02\/K1024_P1010582.jpg\"><img decoding=\"async\" loading=\"lazy\" class=\" size-medium wp-image-360 alignleft\" src=\"http:\/\/wp.schutzgemeinschaft-ammersee.de\/wp\/wp-content\/uploads\/2017\/02\/K1024_P1010582-300x200.jpg\" alt=\"Anlage von Kleingew\u00e4ssern\" width=\"300\" height=\"200\" srcset=\"https:\/\/www.schutzgemeinschaft-ammersee.de\/wp\/wp-content\/uploads\/2017\/02\/K1024_P1010582-300x200.jpg 300w, https:\/\/www.schutzgemeinschaft-ammersee.de\/wp\/wp-content\/uploads\/2017\/02\/K1024_P1010582-1024x683.jpg 1024w, https:\/\/www.schutzgemeinschaft-ammersee.de\/wp\/wp-content\/uploads\/2017\/02\/K1024_P1010582.jpg 1152w\" sizes=\"(max-width: 300px) 100vw, 300px\" \/><\/a><\/dd>\n<\/dl>\n<\/div>\n<\/div>\n<div class=\"csc-textpic-text\">\n<p class=\"bodytext\">Die Schutzgemeinschaft ist einer der\u00a0Projektpartner<\/p>\n<p class=\"bodytext\">Im Bereich des s\u00fcdlichen Ammerseebeckens, haben wir zum Teil mit dem Landesbund f\u00fcr Vogelschutz als Kooperationspartner neue Kleingew\u00e4sser angelegt, um Lebensr\u00e4ume, die durch die Ammerkorrektur ab 1920 verloren gegangen sind, teilweise wieder herzustellen. Dies ist f\u00fcr viele Vogelarten, Amphibien und Libellen unabdingbar.<\/p>\n<p class=\"bodytext\">Das Projekt ist von Oktober 2014 bis September 2020 gelaufen. Gef\u00f6rdert wurde es durch das Bundesamt f\u00fcr Naturschutz mit Mitteln des Bundesministeriums f\u00fcr Umwelt, Naturschutz, Bau und Reaktorsicherheit sowie mit Mitteln des Bayerischen Naturschutzfonds.<\/p>\n<p class=\"bodytext\">Ausf\u00fchrliche Berichte \u00fcber unsere <a href=\"https:\/\/www.schutzgemeinschaft-ammersee.de\/wp\/wp-content\/uploads\/2017\/03\/Hotspotbericht_2015.pdf\">Ma\u00dfnahmen 2015<\/a>, <a href=\"https:\/\/www.schutzgemeinschaft-ammersee.de\/wp\/wp-content\/uploads\/2017\/06\/Hotspot_2016.pdf\">2016,\u00a0<\/a> <a href=\"https:\/\/www.schutzgemeinschaft-ammersee.de\/wp\/wp-content\/uploads\/2017\/03\/Hotspot_Projekt_2017.pdf\">2017<\/a>, <a href=\"https:\/\/www.schutzgemeinschaft-ammersee.de\/wp\/wp-content\/uploads\/2019\/07\/Hotspot_Projekt_2018.pdf\">2018,<\/a> <a href=\"https:\/\/www.schutzgemeinschaft-ammersee.de\/wp\/wp-content\/uploads\/2020\/11\/Hotspot_Projekt_2019.pdf\">2019<\/a> und <a href=\"https:\/\/www.schutzgemeinschaft-ammersee.de\/wp\/wp-content\/uploads\/2022\/03\/Hot_Spot_2020.pdf\">2020<\/a> finden Sie hier in den Jahresberichten.<\/p>\n<\/div>\n<div class=\"csc-textpic-text\">\n<p><a href=\"https:\/\/www.schutzgemeinschaft-ammersee.de\/wp\/wp-content\/uploads\/2017\/09\/P1020478.jpg\"><img decoding=\"async\" loading=\"lazy\" class=\"size-medium wp-image-544 alignleft\" src=\"https:\/\/www.schutzgemeinschaft-ammersee.de\/wp\/wp-content\/uploads\/2017\/09\/P1020478-300x200.jpg\" alt=\"\" width=\"300\" height=\"200\" srcset=\"https:\/\/www.schutzgemeinschaft-ammersee.de\/wp\/wp-content\/uploads\/2017\/09\/P1020478-300x200.jpg 300w, https:\/\/www.schutzgemeinschaft-ammersee.de\/wp\/wp-content\/uploads\/2017\/09\/P1020478-768x512.jpg 768w, https:\/\/www.schutzgemeinschaft-ammersee.de\/wp\/wp-content\/uploads\/2017\/09\/P1020478-1024x683.jpg 1024w, https:\/\/www.schutzgemeinschaft-ammersee.de\/wp\/wp-content\/uploads\/2017\/09\/P1020478.jpg 1152w\" sizes=\"(max-width: 300px) 100vw, 300px\" \/><\/a><\/p>\n<hr \/>\n<p class=\"bodytext\">Was sich\u00a0seit der Ammerkorrektur ab 1920 alles ver\u00e4ndert hat, l\u00e4sst sich aus einem <a href=\"http:\/\/wp.schutzgemeinschaft-ammersee.de\/wp\/wp-content\/uploads\/2017\/03\/Ammermooskultivierung.pdf\">Artikel<\/a>\u00a0von Herrn Albert Tafertshofer ermessen, den wir freundlicherweise aus dem Gemeindeblatt der Gemeinde Raisting \u00fcbernehmen durften.<\/p>\n<p align=\"LEFT\">An den Kleingew\u00e4sser hat sich sehr schnell eine artenreiche Ufervegetation ausgebildet. Profitiert haben von den Ma\u00dfnahmen mit Sicherheit alle im Gebiet vorhandenen Amphibienarten wie Erdkr\u00f6te, Kleiner Wasserfrosch und Grasfrosch und wegen der Geh\u00f6lzbest\u00e4nde sicher auch der Laubfrosch. Gleiches gilt f\u00fcr Libellen der Moorgew\u00e4sser und in den ersten Jahren auch f\u00fcr Libellen die auf Pionierstandorte angewiesen sind. Kursiorische Beobachtungen zeigen das auch.<\/p>\n<\/div>\n<\/div>\n","protected":false},"excerpt":{"rendered":"<p>Alpenflusslandschaften Vielfalt leben von Ammersee bis Zugspitze Da Projekt ist nach sechs Jahren mit vielen erfolgreich durchgef\u00fchrten Ma\u00dfnahmen zu Ende gegangen. Einen ausf\u00fchrlichen Bericht \u00fcber alle Projekte im Gebiet finden Sie auf der Projektseite. https:\/\/www.alpenflusslandschaften.de\/de\/abschluss.html Die Schutzgemeinschaft ist einer der\u00a0Projektpartner Im Bereich des s\u00fcdlichen Ammerseebeckens, haben wir zum Teil mit dem Landesbund f\u00fcr Vogelschutz als &hellip; <a href=\"https:\/\/www.schutzgemeinschaft-ammersee.de\/wp\/?page_id=26\" class=\"more-link\">Continue reading <span class=\"screen-reader-text\">Hot Spot Projekt Alpenflu\u00dflandschaften<\/span><\/a><\/p>\n","protected":false},"author":2,"featured_media":0,"parent":24,"menu_order":10,"comment_status":"closed","ping_status":"closed","template":"","meta":[],"_links":{"self":[{"href":"https:\/\/www.schutzgemeinschaft-ammersee.de\/wp\/index.php?rest_route=\/wp\/v2\/pages\/26"}],"collection":[{"href":"https:\/\/www.schutzgemeinschaft-ammersee.de\/wp\/index.php?rest_route=\/wp\/v2\/pages"}],"about":[{"href":"https:\/\/www.schutzgemeinschaft-ammersee.de\/wp\/index.php?rest_route=\/wp\/v2\/types\/page"}],"author":[{"embeddable":true,"href":"https:\/\/www.schutzgemeinschaft-ammersee.de\/wp\/index.php?rest_route=\/wp\/v2\/users\/2"}],"replies":[{"embeddable":true,"href":"https:\/\/www.schutzgemeinschaft-ammersee.de\/wp\/index.php?rest_route=%2Fwp%2Fv2%2Fcomments&post=26"}],"version-history":[{"count":35,"href":"https:\/\/www.schutzgemeinschaft-ammersee.de\/wp\/index.php?rest_route=\/wp\/v2\/pages\/26\/revisions"}],"predecessor-version":[{"id":1672,"href":"https:\/\/www.schutzgemeinschaft-ammersee.de\/wp\/index.php?rest_route=\/wp\/v2\/pages\/26\/revisions\/1672"}],"up":[{"embeddable":true,"href":"https:\/\/www.schutzgemeinschaft-ammersee.de\/wp\/index.php?rest_route=\/wp\/v2\/pages\/24"}],"wp:attachment":[{"href":"https:\/\/www.schutzgemeinschaft-ammersee.de\/wp\/index.php?rest_route=%2Fwp%2Fv2%2Fmedia&parent=26"}],"curies":[{"name":"wp","href":"https:\/\/api.w.org\/{rel}","templated":true}]}}