{"id":31,"date":"2017-02-18T12:53:09","date_gmt":"2017-02-18T11:53:09","guid":{"rendered":"http:\/\/wp.schutzgemeinschaft-ammersee.de\/wp\/?page_id=31"},"modified":"2026-04-10T12:04:38","modified_gmt":"2026-04-10T11:04:38","slug":"veroeffentlichungen","status":"publish","type":"page","link":"https:\/\/www.schutzgemeinschaft-ammersee.de\/wp\/?page_id=31","title":{"rendered":"Ver\u00f6ffentlichungen"},"content":{"rendered":"<div class=\"csc-header csc-header-n1\">\n<p><span style=\"font-family: verdana; font-size: medium;\"><b>Ver\u00f6ffentlichungen<\/b><\/span><\/p>\n<\/div>\n<div class=\"csc-textpic csc-textpic-center csc-textpic-below\">\n<div class=\"csc-textpic-text\">\n<p class=\"bodytext\">Wir bringen jedes Jahr einen sehr umfangreichen Jahresbericht heraus, der \u00fcber die aktuellen Aktivit\u00e4ten berichtet, Daten und Fakten bringt und Arbeiten zum Biotop- und Artenschutz enth\u00e4lt. Hier finden Sie die allermeisten Informationen \u00fcber Flora und Fauna des Ammerseegebietes auch online. Zu den <a title=\"Jahresberichte der Schutzgemeinschaft Ammersee\" href=\"http:\/\/wp.schutzgemeinschaft-ammersee.de\/wp\/?page_id=201\">Jahresberichten 2008 bis 2025<\/a><\/p>\n<div id='gallery-1' class='gallery galleryid-31 gallery-columns-3 gallery-size-large'><figure class='gallery-item'>\n\t\t\t<div class='gallery-icon portrait'>\n\t\t\t\t<a href='https:\/\/www.schutzgemeinschaft-ammersee.de\/wp\/?attachment_id=2110'><img width=\"638\" height=\"907\" src=\"https:\/\/www.schutzgemeinschaft-ammersee.de\/wp\/wp-content\/uploads\/2026\/04\/Titel_JB_2025.jpg\" class=\"attachment-large size-large\" alt=\"Titelbild_Jahresbericht:2025\" decoding=\"async\" loading=\"lazy\" srcset=\"https:\/\/www.schutzgemeinschaft-ammersee.de\/wp\/wp-content\/uploads\/2026\/04\/Titel_JB_2025.jpg 638w, https:\/\/www.schutzgemeinschaft-ammersee.de\/wp\/wp-content\/uploads\/2026\/04\/Titel_JB_2025-211x300.jpg 211w\" sizes=\"(max-width: 638px) 100vw, 638px\" \/><\/a>\n\t\t\t<\/div><\/figure><figure class='gallery-item'>\n\t\t\t<div class='gallery-icon portrait'>\n\t\t\t\t<a href='https:\/\/www.schutzgemeinschaft-ammersee.de\/wp\/?attachment_id=2004'><img width=\"605\" height=\"882\" src=\"https:\/\/www.schutzgemeinschaft-ammersee.de\/wp\/wp-content\/uploads\/2025\/04\/Umschlag.jpg\" class=\"attachment-large size-large\" alt=\"Umschlag Jahresbericht 2024\" decoding=\"async\" loading=\"lazy\" srcset=\"https:\/\/www.schutzgemeinschaft-ammersee.de\/wp\/wp-content\/uploads\/2025\/04\/Umschlag.jpg 605w, https:\/\/www.schutzgemeinschaft-ammersee.de\/wp\/wp-content\/uploads\/2025\/04\/Umschlag-206x300.jpg 206w\" sizes=\"(max-width: 605px) 100vw, 605px\" \/><\/a>\n\t\t\t<\/div><\/figure><figure class='gallery-item'>\n\t\t\t<div class='gallery-icon portrait'>\n\t\t\t\t<a href='https:\/\/www.schutzgemeinschaft-ammersee.de\/wp\/?attachment_id=1854'><img width=\"505\" height=\"713\" src=\"https:\/\/www.schutzgemeinschaft-ammersee.de\/wp\/wp-content\/uploads\/2024\/04\/Jahresbericht_2023.jpg\" class=\"attachment-large size-large\" alt=\"Umschlag JB 2024\" decoding=\"async\" loading=\"lazy\" srcset=\"https:\/\/www.schutzgemeinschaft-ammersee.de\/wp\/wp-content\/uploads\/2024\/04\/Jahresbericht_2023.jpg 505w, https:\/\/www.schutzgemeinschaft-ammersee.de\/wp\/wp-content\/uploads\/2024\/04\/Jahresbericht_2023-212x300.jpg 212w\" sizes=\"(max-width: 505px) 100vw, 505px\" \/><\/a>\n\t\t\t<\/div><\/figure><figure class='gallery-item'>\n\t\t\t<div class='gallery-icon portrait'>\n\t\t\t\t<a href='https:\/\/www.schutzgemeinschaft-ammersee.de\/wp\/?attachment_id=1759'><img width=\"643\" height=\"909\" src=\"https:\/\/www.schutzgemeinschaft-ammersee.de\/wp\/wp-content\/uploads\/2023\/04\/Titel-1.png\" class=\"attachment-large size-large\" alt=\"Umschlag JB 2022\" decoding=\"async\" loading=\"lazy\" srcset=\"https:\/\/www.schutzgemeinschaft-ammersee.de\/wp\/wp-content\/uploads\/2023\/04\/Titel-1.png 643w, https:\/\/www.schutzgemeinschaft-ammersee.de\/wp\/wp-content\/uploads\/2023\/04\/Titel-1-212x300.png 212w\" sizes=\"(max-width: 643px) 100vw, 643px\" \/><\/a>\n\t\t\t<\/div><\/figure><figure class='gallery-item'>\n\t\t\t<div class='gallery-icon portrait'>\n\t\t\t\t<a href='https:\/\/www.schutzgemeinschaft-ammersee.de\/wp\/?attachment_id=1638'><img width=\"595\" height=\"835\" src=\"https:\/\/www.schutzgemeinschaft-ammersee.de\/wp\/wp-content\/uploads\/2022\/09\/Titel2021.jpg\" class=\"attachment-large size-large\" alt=\"\" decoding=\"async\" loading=\"lazy\" srcset=\"https:\/\/www.schutzgemeinschaft-ammersee.de\/wp\/wp-content\/uploads\/2022\/09\/Titel2021.jpg 595w, https:\/\/www.schutzgemeinschaft-ammersee.de\/wp\/wp-content\/uploads\/2022\/09\/Titel2021-214x300.jpg 214w\" sizes=\"(max-width: 595px) 100vw, 595px\" \/><\/a>\n\t\t\t<\/div><\/figure><figure class='gallery-item'>\n\t\t\t<div class='gallery-icon portrait'>\n\t\t\t\t<a href='https:\/\/www.schutzgemeinschaft-ammersee.de\/wp\/?attachment_id=1579'><img width=\"617\" height=\"877\" src=\"https:\/\/www.schutzgemeinschaft-ammersee.de\/wp\/wp-content\/uploads\/2022\/03\/Titel_2020.jpg\" class=\"attachment-large size-large\" alt=\"\" decoding=\"async\" loading=\"lazy\" srcset=\"https:\/\/www.schutzgemeinschaft-ammersee.de\/wp\/wp-content\/uploads\/2022\/03\/Titel_2020.jpg 617w, https:\/\/www.schutzgemeinschaft-ammersee.de\/wp\/wp-content\/uploads\/2022\/03\/Titel_2020-211x300.jpg 211w\" sizes=\"(max-width: 617px) 100vw, 617px\" \/><\/a>\n\t\t\t<\/div><\/figure><figure class='gallery-item'>\n\t\t\t<div class='gallery-icon portrait'>\n\t\t\t\t<a href='https:\/\/www.schutzgemeinschaft-ammersee.de\/wp\/?attachment_id=971'><img width=\"459\" height=\"647\" src=\"https:\/\/www.schutzgemeinschaft-ammersee.de\/wp\/wp-content\/uploads\/2020\/11\/Titel2019-1-e1606295281926.jpg\" class=\"attachment-large size-large\" alt=\"\" decoding=\"async\" loading=\"lazy\" \/><\/a>\n\t\t\t<\/div><\/figure><figure class='gallery-item'>\n\t\t\t<div class='gallery-icon portrait'>\n\t\t\t\t<a href='https:\/\/www.schutzgemeinschaft-ammersee.de\/wp\/?attachment_id=794'><img width=\"647\" height=\"917\" src=\"https:\/\/www.schutzgemeinschaft-ammersee.de\/wp\/wp-content\/uploads\/2019\/07\/Titelbild_2018.png\" class=\"attachment-large size-large\" alt=\"\" decoding=\"async\" loading=\"lazy\" srcset=\"https:\/\/www.schutzgemeinschaft-ammersee.de\/wp\/wp-content\/uploads\/2019\/07\/Titelbild_2018.png 647w, https:\/\/www.schutzgemeinschaft-ammersee.de\/wp\/wp-content\/uploads\/2019\/07\/Titelbild_2018-212x300.png 212w\" sizes=\"(max-width: 647px) 100vw, 647px\" \/><\/a>\n\t\t\t<\/div><\/figure><figure class='gallery-item'>\n\t\t\t<div class='gallery-icon portrait'>\n\t\t\t\t<a href='https:\/\/www.schutzgemeinschaft-ammersee.de\/wp\/?attachment_id=645'><img width=\"637\" height=\"897\" src=\"https:\/\/www.schutzgemeinschaft-ammersee.de\/wp\/wp-content\/uploads\/2017\/03\/Titel-2017.jpg\" class=\"attachment-large size-large\" alt=\"\" decoding=\"async\" loading=\"lazy\" srcset=\"https:\/\/www.schutzgemeinschaft-ammersee.de\/wp\/wp-content\/uploads\/2017\/03\/Titel-2017.jpg 637w, https:\/\/www.schutzgemeinschaft-ammersee.de\/wp\/wp-content\/uploads\/2017\/03\/Titel-2017-213x300.jpg 213w\" sizes=\"(max-width: 637px) 100vw, 637px\" \/><\/a>\n\t\t\t<\/div><\/figure><figure class='gallery-item'>\n\t\t\t<div class='gallery-icon portrait'>\n\t\t\t\t<a href='https:\/\/www.schutzgemeinschaft-ammersee.de\/wp\/?attachment_id=528'><img width=\"458\" height=\"642\" src=\"https:\/\/www.schutzgemeinschaft-ammersee.de\/wp\/wp-content\/uploads\/2017\/06\/Titel.jpg\" class=\"attachment-large size-large\" alt=\"\" decoding=\"async\" loading=\"lazy\" srcset=\"https:\/\/www.schutzgemeinschaft-ammersee.de\/wp\/wp-content\/uploads\/2017\/06\/Titel.jpg 458w, https:\/\/www.schutzgemeinschaft-ammersee.de\/wp\/wp-content\/uploads\/2017\/06\/Titel-214x300.jpg 214w\" sizes=\"(max-width: 458px) 100vw, 458px\" \/><\/a>\n\t\t\t<\/div><\/figure><figure class='gallery-item'>\n\t\t\t<div class='gallery-icon portrait'>\n\t\t\t\t<a href='https:\/\/www.schutzgemeinschaft-ammersee.de\/wp\/?attachment_id=198'><img width=\"193\" height=\"274\" src=\"https:\/\/www.schutzgemeinschaft-ammersee.de\/wp\/wp-content\/uploads\/2017\/03\/Titel2015.jpg\" class=\"attachment-large size-large\" alt=\"\" decoding=\"async\" loading=\"lazy\" \/><\/a>\n\t\t\t<\/div><\/figure><figure class='gallery-item'>\n\t\t\t<div class='gallery-icon portrait'>\n\t\t\t\t<a href='https:\/\/www.schutzgemeinschaft-ammersee.de\/wp\/?attachment_id=197'><img width=\"194\" height=\"275\" src=\"https:\/\/www.schutzgemeinschaft-ammersee.de\/wp\/wp-content\/uploads\/2017\/03\/Titel2014.jpg\" class=\"attachment-large size-large\" alt=\"\" decoding=\"async\" loading=\"lazy\" \/><\/a>\n\t\t\t<\/div><\/figure><figure class='gallery-item'>\n\t\t\t<div class='gallery-icon portrait'>\n\t\t\t\t<a href='https:\/\/www.schutzgemeinschaft-ammersee.de\/wp\/?attachment_id=196'><img width=\"193\" height=\"274\" src=\"https:\/\/www.schutzgemeinschaft-ammersee.de\/wp\/wp-content\/uploads\/2017\/03\/Titel2013.jpg\" class=\"attachment-large size-large\" alt=\"\" decoding=\"async\" loading=\"lazy\" \/><\/a>\n\t\t\t<\/div><\/figure><figure class='gallery-item'>\n\t\t\t<div class='gallery-icon portrait'>\n\t\t\t\t<a href='https:\/\/www.schutzgemeinschaft-ammersee.de\/wp\/?attachment_id=195'><img width=\"193\" height=\"274\" src=\"https:\/\/www.schutzgemeinschaft-ammersee.de\/wp\/wp-content\/uploads\/2017\/03\/Titel2012.jpg\" class=\"attachment-large size-large\" alt=\"\" decoding=\"async\" loading=\"lazy\" \/><\/a>\n\t\t\t<\/div><\/figure><figure class='gallery-item'>\n\t\t\t<div class='gallery-icon portrait'>\n\t\t\t\t<a href='https:\/\/www.schutzgemeinschaft-ammersee.de\/wp\/?attachment_id=194'><img width=\"194\" height=\"275\" src=\"https:\/\/www.schutzgemeinschaft-ammersee.de\/wp\/wp-content\/uploads\/2017\/03\/Titel2011.jpg\" class=\"attachment-large size-large\" alt=\"\" decoding=\"async\" loading=\"lazy\" \/><\/a>\n\t\t\t<\/div><\/figure><figure class='gallery-item'>\n\t\t\t<div class='gallery-icon portrait'>\n\t\t\t\t<a href='https:\/\/www.schutzgemeinschaft-ammersee.de\/wp\/?attachment_id=193'><img width=\"193\" height=\"274\" src=\"https:\/\/www.schutzgemeinschaft-ammersee.de\/wp\/wp-content\/uploads\/2017\/03\/Titel2010.jpg\" class=\"attachment-large size-large\" alt=\"\" decoding=\"async\" loading=\"lazy\" \/><\/a>\n\t\t\t<\/div><\/figure><figure class='gallery-item'>\n\t\t\t<div class='gallery-icon portrait'>\n\t\t\t\t<a href='https:\/\/www.schutzgemeinschaft-ammersee.de\/wp\/?attachment_id=192'><img width=\"193\" height=\"274\" src=\"https:\/\/www.schutzgemeinschaft-ammersee.de\/wp\/wp-content\/uploads\/2017\/03\/Titel209.jpg\" class=\"attachment-large size-large\" alt=\"\" decoding=\"async\" loading=\"lazy\" \/><\/a>\n\t\t\t<\/div><\/figure><figure class='gallery-item'>\n\t\t\t<div class='gallery-icon portrait'>\n\t\t\t\t<a href='https:\/\/www.schutzgemeinschaft-ammersee.de\/wp\/?attachment_id=190'><img width=\"300\" height=\"425\" src=\"https:\/\/www.schutzgemeinschaft-ammersee.de\/wp\/wp-content\/uploads\/2017\/02\/Titel2008.jpg\" class=\"attachment-large size-large\" alt=\"\" decoding=\"async\" loading=\"lazy\" srcset=\"https:\/\/www.schutzgemeinschaft-ammersee.de\/wp\/wp-content\/uploads\/2017\/02\/Titel2008.jpg 300w, https:\/\/www.schutzgemeinschaft-ammersee.de\/wp\/wp-content\/uploads\/2017\/02\/Titel2008-212x300.jpg 212w\" sizes=\"(max-width: 300px) 100vw, 300px\" \/><\/a>\n\t\t\t<\/div><\/figure>\n\t\t<\/div>\n\n<\/div>\n<\/div>\n","protected":false},"excerpt":{"rendered":"<p>Ver\u00f6ffentlichungen Wir bringen jedes Jahr einen sehr umfangreichen Jahresbericht heraus, der \u00fcber die aktuellen Aktivit\u00e4ten berichtet, Daten und Fakten bringt und Arbeiten zum Biotop- und Artenschutz enth\u00e4lt. Hier finden Sie die allermeisten Informationen \u00fcber Flora und Fauna des Ammerseegebietes auch online. Zu den Jahresberichten 2008 bis 2025<\/p>\n","protected":false},"author":2,"featured_media":0,"parent":0,"menu_order":40,"comment_status":"closed","ping_status":"closed","template":"","meta":[],"_links":{"self":[{"href":"https:\/\/www.schutzgemeinschaft-ammersee.de\/wp\/index.php?rest_route=\/wp\/v2\/pages\/31"}],"collection":[{"href":"https:\/\/www.schutzgemeinschaft-ammersee.de\/wp\/index.php?rest_route=\/wp\/v2\/pages"}],"about":[{"href":"https:\/\/www.schutzgemeinschaft-ammersee.de\/wp\/index.php?rest_route=\/wp\/v2\/types\/page"}],"author":[{"embeddable":true,"href":"https:\/\/www.schutzgemeinschaft-ammersee.de\/wp\/index.php?rest_route=\/wp\/v2\/users\/2"}],"replies":[{"embeddable":true,"href":"https:\/\/www.schutzgemeinschaft-ammersee.de\/wp\/index.php?rest_route=%2Fwp%2Fv2%2Fcomments&post=31"}],"version-history":[{"count":23,"href":"https:\/\/www.schutzgemeinschaft-ammersee.de\/wp\/index.php?rest_route=\/wp\/v2\/pages\/31\/revisions"}],"predecessor-version":[{"id":2117,"href":"https:\/\/www.schutzgemeinschaft-ammersee.de\/wp\/index.php?rest_route=\/wp\/v2\/pages\/31\/revisions\/2117"}],"wp:attachment":[{"href":"https:\/\/www.schutzgemeinschaft-ammersee.de\/wp\/index.php?rest_route=%2Fwp%2Fv2%2Fmedia&parent=31"}],"curies":[{"name":"wp","href":"https:\/\/api.w.org\/{rel}","templated":true}]}}