{"id":33,"date":"2017-02-18T12:54:04","date_gmt":"2017-02-18T11:54:04","guid":{"rendered":"http:\/\/wp.schutzgemeinschaft-ammersee.de\/wp\/?page_id=33"},"modified":"2025-07-06T21:55:59","modified_gmt":"2025-07-06T20:55:59","slug":"vogelbeobachtungen","status":"publish","type":"page","link":"https:\/\/www.schutzgemeinschaft-ammersee.de\/wp\/?page_id=33","title":{"rendered":"Vogelbeobachtungen"},"content":{"rendered":"<div class=\"csc-header csc-header-n1\"><span style=\"font-family: verdana; font-size: medium;\"><b>Vogelbeobachtungen im Ammerseegebiet<\/b><\/span><br \/>\n<img decoding=\"async\" loading=\"lazy\" class=\"spacer-gif\" title=\"\" src=\"http:\/\/wp.schutzgemeinschaft-ammersee.de\/clear.gif\" alt=\"\" width=\"1\" height=\"5\" border=\"0\" \/><\/div>\n<p class=\"csc-textpic csc-textpic-center csc-textpic-below\">\n<div class=\"csc-textpic-text\">\n<p class=\"bodytext\">Die Storchenbeobachtungen\u00a0finden sich <a title=\"Wei\u00dfst\u00f6rche\" href=\"http:\/\/wp.schutzgemeinschaft-ammersee.de\/wp\/?page_id=28\">hier<\/a><\/p>\n<p class=\"bodytext\">Aus den monatlichen Wasservogelz\u00e4hlungen und weiteren Meldungen aus dem Ammerseegebiet wurde bisher jedes Jahr von Herrn Johannes Strehlow der Ornithologische Rundbrief erstellt, der alle Einzelbeobachtungen enth\u00e4lt und die Bestandsentwicklungen \u00fcber die Jahre hin darstellt. Herr Strehlow legte wert darauf, dass diese Arbeit nicht als Ver\u00f6ffentlichung im klassischen Sinne verstanden wird.<\/p>\n<p>Der letzte Rundbrief Nr. 48 war leider sein letzter. Johannes Strehlow schrieb ihn noch mit gro\u00dfer Freude und Beharrlichkeit. Vor Kurzem verstarb unser langj\u00e4hriger Freund und Mitstreiter und hinterl\u00e4sst nicht nur in der ornithologischen Welt eine gro\u00dfe L\u00fccke.<\/p>\n<p class=\"bodytext\">Unser Dank gilt auch den vielen Beobachtern und Wasservogelz\u00e4hlern, ohne deren Daten der Nachweis der enormen Artenvielfalt und damit der Bedeutung des Gebietes f\u00fcr die Vogelwelt nicht m\u00f6glich w\u00e4re.<\/p>\n<\/div>\n<div><\/div>\n<p><a href=\"https:\/\/www.schutzgemeinschaft-ammersee.de\/wp\/wp-content\/uploads\/2025\/07\/Rundbrief-Ammersee-2024-1-part-1-komprimiert.pdf\">Ornithologischer Rundbrief Nr. 48 (2024) Teil 1<\/a><\/p>\n<p><a href=\"https:\/\/www.schutzgemeinschaft-ammersee.de\/wp\/wp-content\/uploads\/2025\/07\/Rundbrief-Ammersee-2024-1-part-2.pdf\">Ornithologischer Rundbrief Nr. 48 (2024) Teil 2<\/a><\/p>\n<p><a href=\"https:\/\/www.schutzgemeinschaft-ammersee.de\/wp\/wp-content\/uploads\/2025\/07\/Rundbrief-Ammersee-2023.pdf\">Ornithologischer Rundbrief Nr. 47 (2023)<\/a><\/p>\n<p class=\"csc-textpic-text\"><a href=\"https:\/\/www.schutzgemeinschaft-ammersee.de\/wp\/wp-content\/uploads\/2023\/05\/Rundbrief-Ammersee-2022-kl.pdf\">Ornithologischer Rundbrief Nr. 46 (2022)<\/a><\/p>\n<p><a href=\"https:\/\/www.schutzgemeinschaft-ammersee.de\/wp\/wp-content\/uploads\/2023\/05\/Rundbrief-Ammersee-2021-7.pdf\">Ornithologischer Rundbrief Nr.45 (2021)<\/a><\/p>\n<p><a href=\"https:\/\/www.schutzgemeinschaft-ammersee.de\/wp\/wp-content\/uploads\/2021\/04\/Rundbrief-Ammersee-2020.pdf\">Ornithologischer Rundbrief Nr. 44\u00a0(2020<\/a>)<\/p>\n<p><a href=\"https:\/\/www.schutzgemeinschaft-ammersee.de\/wp\/wp-content\/uploads\/2020\/11\/Rundbrief-Ammersee-2019.pdf\">Ornithologischer Rundbrief Nr 43 (2019)<\/a><\/p>\n<p><a href=\"https:\/\/www.schutzgemeinschaft-ammersee.de\/wp\/wp-content\/uploads\/2019\/05\/Rundbrief-Ammersee-2018.pdf\">Ornithologischer Rundbrief Nr. 42 (2018)<\/a><\/p>\n<p class=\"bodytext\"><a title=\"Ornithologischer Rundbrief Nr.39 (2015)\" href=\"http:\/\/wp.schutzgemeinschaft-ammersee.de\/wp\/wp-content\/uploads\/2017\/02\/Rundbrief-Ammersee-2015.pdf\">Ornithologischer Rundbrief Nr.39 (2015)<\/a><\/p>\n<p class=\"bodytext\"><a href=\"http:\/\/wp.schutzgemeinschaft-ammersee.de\/wp\/wp-content\/uploads\/2017\/02\/Rundbrief-Ammersee-2014.pdf\">Ornithologischer Rundbrief Nr. 38 (2014)<\/a><\/p>\n<p class=\"bodytext\"><a href=\"http:\/\/wp.schutzgemeinschaft-ammersee.de\/wp\/wp-content\/uploads\/2017\/02\/Rundbrief-Ammersee-2013.pdf\">Ornithologischer Rundbrief Nr.37 (2013)<\/a><\/p>\n<p class=\"bodytext\"><a href=\"http:\/\/wp.schutzgemeinschaft-ammersee.de\/wp\/wp-content\/uploads\/2017\/02\/Rundbrief-Ammersee-2012.pdf\">Ornithologischer Rundbrief Nr. 36 (2012)<\/a><\/p>\n<p class=\"bodytext\"><a href=\"http:\/\/wp.schutzgemeinschaft-ammersee.de\/wp\/wp-content\/uploads\/2017\/02\/Rundbrief_Ammersee_2011.pdf\">Ornithologischer Rundbrief Nr. 35 (2011)<\/a><\/p>\n<p class=\"bodytext\"><a href=\"http:\/\/wp.schutzgemeinschaft-ammersee.de\/wp\/wp-content\/uploads\/2017\/02\/Borok-Eisvogel.jpg\"><img decoding=\"async\" loading=\"lazy\" class=\"wp-image-166 size-full\" src=\"http:\/\/wp.schutzgemeinschaft-ammersee.de\/wp\/wp-content\/uploads\/2017\/02\/Borok-Eisvogel.jpg\" alt=\"borok-eisvogel\" width=\"600\" height=\"255\" srcset=\"https:\/\/www.schutzgemeinschaft-ammersee.de\/wp\/wp-content\/uploads\/2017\/02\/Borok-Eisvogel.jpg 600w, https:\/\/www.schutzgemeinschaft-ammersee.de\/wp\/wp-content\/uploads\/2017\/02\/Borok-Eisvogel-300x128.jpg 300w\" sizes=\"(max-width: 600px) 100vw, 600px\" \/><\/a><\/p>\n<p>Eisvogel Foto: W. Borok<\/p>\n<p class=\"bodytext\">\n","protected":false},"excerpt":{"rendered":"<p>Vogelbeobachtungen im Ammerseegebiet Die Storchenbeobachtungen\u00a0finden sich hier Aus den monatlichen Wasservogelz\u00e4hlungen und weiteren Meldungen aus dem Ammerseegebiet wurde bisher jedes Jahr von Herrn Johannes Strehlow der Ornithologische Rundbrief erstellt, der alle Einzelbeobachtungen enth\u00e4lt und die Bestandsentwicklungen \u00fcber die Jahre hin darstellt. Herr Strehlow legte wert darauf, dass diese Arbeit nicht als Ver\u00f6ffentlichung im klassischen Sinne &hellip; <a href=\"https:\/\/www.schutzgemeinschaft-ammersee.de\/wp\/?page_id=33\" class=\"more-link\">Continue reading <span class=\"screen-reader-text\">Vogelbeobachtungen<\/span><\/a><\/p>\n","protected":false},"author":2,"featured_media":0,"parent":0,"menu_order":50,"comment_status":"closed","ping_status":"closed","template":"","meta":[],"_links":{"self":[{"href":"https:\/\/www.schutzgemeinschaft-ammersee.de\/wp\/index.php?rest_route=\/wp\/v2\/pages\/33"}],"collection":[{"href":"https:\/\/www.schutzgemeinschaft-ammersee.de\/wp\/index.php?rest_route=\/wp\/v2\/pages"}],"about":[{"href":"https:\/\/www.schutzgemeinschaft-ammersee.de\/wp\/index.php?rest_route=\/wp\/v2\/types\/page"}],"author":[{"embeddable":true,"href":"https:\/\/www.schutzgemeinschaft-ammersee.de\/wp\/index.php?rest_route=\/wp\/v2\/users\/2"}],"replies":[{"embeddable":true,"href":"https:\/\/www.schutzgemeinschaft-ammersee.de\/wp\/index.php?rest_route=%2Fwp%2Fv2%2Fcomments&post=33"}],"version-history":[{"count":22,"href":"https:\/\/www.schutzgemeinschaft-ammersee.de\/wp\/index.php?rest_route=\/wp\/v2\/pages\/33\/revisions"}],"predecessor-version":[{"id":2051,"href":"https:\/\/www.schutzgemeinschaft-ammersee.de\/wp\/index.php?rest_route=\/wp\/v2\/pages\/33\/revisions\/2051"}],"wp:attachment":[{"href":"https:\/\/www.schutzgemeinschaft-ammersee.de\/wp\/index.php?rest_route=%2Fwp%2Fv2%2Fmedia&parent=33"}],"curies":[{"name":"wp","href":"https:\/\/api.w.org\/{rel}","templated":true}]}}