{"id":35,"date":"2017-02-18T12:54:45","date_gmt":"2017-02-18T11:54:45","guid":{"rendered":"http:\/\/wp.schutzgemeinschaft-ammersee.de\/wp\/?page_id=35"},"modified":"2024-05-08T09:12:33","modified_gmt":"2024-05-08T08:12:33","slug":"landschaftspflege","status":"publish","type":"page","link":"https:\/\/www.schutzgemeinschaft-ammersee.de\/wp\/?page_id=35","title":{"rendered":"Landschaftspflege"},"content":{"rendered":"<div id='gallery-1' class='gallery galleryid-35 gallery-columns-2 gallery-size-full'><figure class='gallery-item'>\n\t\t\t<div class='gallery-icon landscape'>\n\t\t\t\t<a href='https:\/\/www.schutzgemeinschaft-ammersee.de\/wp\/?attachment_id=414'><img width=\"1600\" height=\"1200\" src=\"https:\/\/www.schutzgemeinschaft-ammersee.de\/wp\/wp-content\/uploads\/2017\/02\/K1600_P1000108.jpg\" class=\"attachment-full size-full\" alt=\"\" decoding=\"async\" loading=\"lazy\" aria-describedby=\"gallery-1-414\" srcset=\"https:\/\/www.schutzgemeinschaft-ammersee.de\/wp\/wp-content\/uploads\/2017\/02\/K1600_P1000108.jpg 1600w, https:\/\/www.schutzgemeinschaft-ammersee.de\/wp\/wp-content\/uploads\/2017\/02\/K1600_P1000108-300x225.jpg 300w, https:\/\/www.schutzgemeinschaft-ammersee.de\/wp\/wp-content\/uploads\/2017\/02\/K1600_P1000108-1024x768.jpg 1024w\" sizes=\"(max-width: 1600px) 100vw, 1600px\" \/><\/a>\n\t\t\t<\/div>\n\t\t\t\t<figcaption class='wp-caption-text gallery-caption' id='gallery-1-414'>\n\t\t\t\tStreuballen werden aus der Fl\u00e4che gefahren Foto: H. Falk\n\t\t\t\t<\/figcaption><\/figure><figure class='gallery-item'>\n\t\t\t<div class='gallery-icon landscape'>\n\t\t\t\t<a href='https:\/\/www.schutzgemeinschaft-ammersee.de\/wp\/?attachment_id=1695'><img width=\"1536\" height=\"768\" src=\"https:\/\/www.schutzgemeinschaft-ammersee.de\/wp\/wp-content\/uploads\/2022\/11\/K1024_Brielmaier.jpg\" class=\"attachment-full size-full\" alt=\"\" decoding=\"async\" loading=\"lazy\" aria-describedby=\"gallery-1-1695\" srcset=\"https:\/\/www.schutzgemeinschaft-ammersee.de\/wp\/wp-content\/uploads\/2022\/11\/K1024_Brielmaier.jpg 1536w, https:\/\/www.schutzgemeinschaft-ammersee.de\/wp\/wp-content\/uploads\/2022\/11\/K1024_Brielmaier-300x150.jpg 300w, https:\/\/www.schutzgemeinschaft-ammersee.de\/wp\/wp-content\/uploads\/2022\/11\/K1024_Brielmaier-1024x512.jpg 1024w, https:\/\/www.schutzgemeinschaft-ammersee.de\/wp\/wp-content\/uploads\/2022\/11\/K1024_Brielmaier-768x384.jpg 768w\" sizes=\"(max-width: 1536px) 100vw, 1536px\" \/><\/a>\n\t\t\t<\/div>\n\t\t\t\t<figcaption class='wp-caption-text gallery-caption' id='gallery-1-1695'>\n\t\t\t\tArbeit mit dem Motorm\u00e4her Foto: H. Falk\n\t\t\t\t<\/figcaption><\/figure><figure class='gallery-item'>\n\t\t\t<div class='gallery-icon landscape'>\n\t\t\t\t<a href='https:\/\/www.schutzgemeinschaft-ammersee.de\/wp\/?attachment_id=416'><img width=\"1366\" height=\"768\" src=\"https:\/\/www.schutzgemeinschaft-ammersee.de\/wp\/wp-content\/uploads\/2017\/02\/P1010791.jpg\" class=\"attachment-full size-full\" alt=\"\" decoding=\"async\" loading=\"lazy\" aria-describedby=\"gallery-1-416\" srcset=\"https:\/\/www.schutzgemeinschaft-ammersee.de\/wp\/wp-content\/uploads\/2017\/02\/P1010791.jpg 1366w, https:\/\/www.schutzgemeinschaft-ammersee.de\/wp\/wp-content\/uploads\/2017\/02\/P1010791-300x169.jpg 300w, https:\/\/www.schutzgemeinschaft-ammersee.de\/wp\/wp-content\/uploads\/2017\/02\/P1010791-1024x576.jpg 1024w\" sizes=\"(max-width: 1366px) 100vw, 1366px\" \/><\/a>\n\t\t\t<\/div>\n\t\t\t\t<figcaption class='wp-caption-text gallery-caption' id='gallery-1-416'>\n\t\t\t\tHandarbeit beim Entfernen des M\u00e4hgutes auf eine Plane, unterst\u00fctz vom Schlepper Foto: H. Falk\n\t\t\t\t<\/figcaption><\/figure><figure class='gallery-item'>\n\t\t\t<div class='gallery-icon landscape'>\n\t\t\t\t<a href='https:\/\/www.schutzgemeinschaft-ammersee.de\/wp\/?attachment_id=417'><img width=\"1024\" height=\"768\" src=\"https:\/\/www.schutzgemeinschaft-ammersee.de\/wp\/wp-content\/uploads\/2017\/02\/P1010720.jpg\" class=\"attachment-full size-full\" alt=\"\" decoding=\"async\" loading=\"lazy\" aria-describedby=\"gallery-1-417\" srcset=\"https:\/\/www.schutzgemeinschaft-ammersee.de\/wp\/wp-content\/uploads\/2017\/02\/P1010720.jpg 1024w, https:\/\/www.schutzgemeinschaft-ammersee.de\/wp\/wp-content\/uploads\/2017\/02\/P1010720-300x225.jpg 300w\" sizes=\"(max-width: 1024px) 100vw, 1024px\" \/><\/a>\n\t\t\t<\/div>\n\t\t\t\t<figcaption class='wp-caption-text gallery-caption' id='gallery-1-417'>\n\t\t\t\tEntfernen des M\u00e4hgutes von Hand mit Hilfe einer Plane Foto: H. Falk\n\t\t\t\t<\/figcaption><\/figure><figure class='gallery-item'>\n\t\t\t<div class='gallery-icon landscape'>\n\t\t\t\t<a href='https:\/\/www.schutzgemeinschaft-ammersee.de\/wp\/?attachment_id=418'><img width=\"1024\" height=\"768\" src=\"https:\/\/www.schutzgemeinschaft-ammersee.de\/wp\/wp-content\/uploads\/2017\/02\/P1010663.jpg\" class=\"attachment-full size-full\" alt=\"\" decoding=\"async\" loading=\"lazy\" aria-describedby=\"gallery-1-418\" srcset=\"https:\/\/www.schutzgemeinschaft-ammersee.de\/wp\/wp-content\/uploads\/2017\/02\/P1010663.jpg 1024w, https:\/\/www.schutzgemeinschaft-ammersee.de\/wp\/wp-content\/uploads\/2017\/02\/P1010663-300x225.jpg 300w\" sizes=\"(max-width: 1024px) 100vw, 1024px\" \/><\/a>\n\t\t\t<\/div>\n\t\t\t\t<figcaption class='wp-caption-text gallery-caption' id='gallery-1-418'>\n\t\t\t\tArbeit mit zwei Motorm\u00e4hern Foto: R. Grie\u00dfmeyer\n\t\t\t\t<\/figcaption><\/figure><figure class='gallery-item'>\n\t\t\t<div class='gallery-icon landscape'>\n\t\t\t\t<a href='https:\/\/www.schutzgemeinschaft-ammersee.de\/wp\/?attachment_id=419'><img width=\"1600\" height=\"1200\" src=\"https:\/\/www.schutzgemeinschaft-ammersee.de\/wp\/wp-content\/uploads\/2017\/02\/K1600_P1000078.jpg\" class=\"attachment-full size-full\" alt=\"\" decoding=\"async\" loading=\"lazy\" aria-describedby=\"gallery-1-419\" srcset=\"https:\/\/www.schutzgemeinschaft-ammersee.de\/wp\/wp-content\/uploads\/2017\/02\/K1600_P1000078.jpg 1600w, https:\/\/www.schutzgemeinschaft-ammersee.de\/wp\/wp-content\/uploads\/2017\/02\/K1600_P1000078-300x225.jpg 300w, https:\/\/www.schutzgemeinschaft-ammersee.de\/wp\/wp-content\/uploads\/2017\/02\/K1600_P1000078-1024x768.jpg 1024w\" sizes=\"(max-width: 1600px) 100vw, 1600px\" \/><\/a>\n\t\t\t<\/div>\n\t\t\t\t<figcaption class='wp-caption-text gallery-caption' id='gallery-1-419'>\n\t\t\t\tStreuballen in den n\u00f6rdlichen Ammerwiesen Foto: H. Falk\n\t\t\t\t<\/figcaption><\/figure><figure class='gallery-item'>\n\t\t\t<div class='gallery-icon landscape'>\n\t\t\t\t<a href='https:\/\/www.schutzgemeinschaft-ammersee.de\/wp\/?attachment_id=415'><img width=\"1366\" height=\"768\" src=\"https:\/\/www.schutzgemeinschaft-ammersee.de\/wp\/wp-content\/uploads\/2017\/02\/P1010893.jpg\" class=\"attachment-full size-full\" alt=\"\" decoding=\"async\" loading=\"lazy\" aria-describedby=\"gallery-1-415\" srcset=\"https:\/\/www.schutzgemeinschaft-ammersee.de\/wp\/wp-content\/uploads\/2017\/02\/P1010893.jpg 1366w, https:\/\/www.schutzgemeinschaft-ammersee.de\/wp\/wp-content\/uploads\/2017\/02\/P1010893-300x169.jpg 300w, https:\/\/www.schutzgemeinschaft-ammersee.de\/wp\/wp-content\/uploads\/2017\/02\/P1010893-1024x576.jpg 1024w\" sizes=\"(max-width: 1366px) 100vw, 1366px\" \/><\/a>\n\t\t\t<\/div>\n\t\t\t\t<figcaption class='wp-caption-text gallery-caption' id='gallery-1-415'>\n\t\t\t\tAbfuhr mit Ladewagen Foto: H. Falk\n\t\t\t\t<\/figcaption><\/figure><figure class='gallery-item'>\n\t\t\t<div class='gallery-icon landscape'>\n\t\t\t\t<a href='https:\/\/www.schutzgemeinschaft-ammersee.de\/wp\/?attachment_id=420'><img width=\"1024\" height=\"768\" src=\"https:\/\/www.schutzgemeinschaft-ammersee.de\/wp\/wp-content\/uploads\/2017\/02\/P1010710.jpg\" class=\"attachment-full size-full\" alt=\"\" decoding=\"async\" loading=\"lazy\" aria-describedby=\"gallery-1-420\" srcset=\"https:\/\/www.schutzgemeinschaft-ammersee.de\/wp\/wp-content\/uploads\/2017\/02\/P1010710.jpg 1024w, https:\/\/www.schutzgemeinschaft-ammersee.de\/wp\/wp-content\/uploads\/2017\/02\/P1010710-300x225.jpg 300w\" sizes=\"(max-width: 1024px) 100vw, 1024px\" \/><\/a>\n\t\t\t<\/div>\n\t\t\t\t<figcaption class='wp-caption-text gallery-caption' id='gallery-1-420'>\n\t\t\t\tBrachestreifen und Mahd Foto: H. Falk\n\t\t\t\t<\/figcaption><\/figure><figure class='gallery-item'>\n\t\t\t<div class='gallery-icon landscape'>\n\t\t\t\t<a href='https:\/\/www.schutzgemeinschaft-ammersee.de\/wp\/?attachment_id=1697'><img width=\"1536\" height=\"768\" src=\"https:\/\/www.schutzgemeinschaft-ammersee.de\/wp\/wp-content\/uploads\/2022\/11\/K1024_Gespann_Balkenmaeher.jpg\" class=\"attachment-full size-full\" alt=\"\" decoding=\"async\" loading=\"lazy\" aria-describedby=\"gallery-1-1697\" srcset=\"https:\/\/www.schutzgemeinschaft-ammersee.de\/wp\/wp-content\/uploads\/2022\/11\/K1024_Gespann_Balkenmaeher.jpg 1536w, https:\/\/www.schutzgemeinschaft-ammersee.de\/wp\/wp-content\/uploads\/2022\/11\/K1024_Gespann_Balkenmaeher-300x150.jpg 300w, https:\/\/www.schutzgemeinschaft-ammersee.de\/wp\/wp-content\/uploads\/2022\/11\/K1024_Gespann_Balkenmaeher-1024x512.jpg 1024w, https:\/\/www.schutzgemeinschaft-ammersee.de\/wp\/wp-content\/uploads\/2022\/11\/K1024_Gespann_Balkenmaeher-768x384.jpg 768w\" sizes=\"(max-width: 1536px) 100vw, 1536px\" \/><\/a>\n\t\t\t<\/div>\n\t\t\t\t<figcaption class='wp-caption-text gallery-caption' id='gallery-1-1697'>\n\t\t\t\tAnfahrt zum M\u00e4hen mit zwei Motorm\u00e4hern Foto: H. Falk\n\t\t\t\t<\/figcaption><\/figure><figure class='gallery-item'>\n\t\t\t<div class='gallery-icon landscape'>\n\t\t\t\t<a href='https:\/\/www.schutzgemeinschaft-ammersee.de\/wp\/?attachment_id=1704'><img width=\"1024\" height=\"768\" src=\"https:\/\/www.schutzgemeinschaft-ammersee.de\/wp\/wp-content\/uploads\/2022\/11\/20220318_134804.jpg\" class=\"attachment-full size-full\" alt=\"\" decoding=\"async\" loading=\"lazy\" aria-describedby=\"gallery-1-1704\" srcset=\"https:\/\/www.schutzgemeinschaft-ammersee.de\/wp\/wp-content\/uploads\/2022\/11\/20220318_134804.jpg 1024w, https:\/\/www.schutzgemeinschaft-ammersee.de\/wp\/wp-content\/uploads\/2022\/11\/20220318_134804-300x225.jpg 300w, https:\/\/www.schutzgemeinschaft-ammersee.de\/wp\/wp-content\/uploads\/2022\/11\/20220318_134804-768x576.jpg 768w\" sizes=\"(max-width: 1024px) 100vw, 1024px\" \/><\/a>\n\t\t\t<\/div>\n\t\t\t\t<figcaption class='wp-caption-text gallery-caption' id='gallery-1-1704'>\n\t\t\t\tStreuballen liegen zur Abholung bereit Foto: K. Bregler\n\t\t\t\t<\/figcaption><\/figure><figure class='gallery-item'>\n\t\t\t<div class='gallery-icon landscape'>\n\t\t\t\t<a href='https:\/\/www.schutzgemeinschaft-ammersee.de\/wp\/?attachment_id=1703'><img width=\"1024\" height=\"768\" src=\"https:\/\/www.schutzgemeinschaft-ammersee.de\/wp\/wp-content\/uploads\/2022\/11\/20220212_145823.jpg\" class=\"attachment-full size-full\" alt=\"\" decoding=\"async\" loading=\"lazy\" aria-describedby=\"gallery-1-1703\" srcset=\"https:\/\/www.schutzgemeinschaft-ammersee.de\/wp\/wp-content\/uploads\/2022\/11\/20220212_145823.jpg 1024w, https:\/\/www.schutzgemeinschaft-ammersee.de\/wp\/wp-content\/uploads\/2022\/11\/20220212_145823-300x225.jpg 300w, https:\/\/www.schutzgemeinschaft-ammersee.de\/wp\/wp-content\/uploads\/2022\/11\/20220212_145823-768x576.jpg 768w\" sizes=\"(max-width: 1024px) 100vw, 1024px\" \/><\/a>\n\t\t\t<\/div>\n\t\t\t\t<figcaption class='wp-caption-text gallery-caption' id='gallery-1-1703'>\n\t\t\t\tM\u00e4hguttransport mit Motorm\u00e4her und Plane Foto: K. Bregler\n\t\t\t\t<\/figcaption><\/figure><figure class='gallery-item'>\n\t\t\t<div class='gallery-icon landscape'>\n\t\t\t\t<a href='https:\/\/www.schutzgemeinschaft-ammersee.de\/wp\/?attachment_id=1702'><img width=\"1280\" height=\"768\" src=\"https:\/\/www.schutzgemeinschaft-ammersee.de\/wp\/wp-content\/uploads\/2022\/11\/20180301_135706-rotated.jpg\" class=\"attachment-full size-full\" alt=\"\" decoding=\"async\" loading=\"lazy\" aria-describedby=\"gallery-1-1702\" srcset=\"https:\/\/www.schutzgemeinschaft-ammersee.de\/wp\/wp-content\/uploads\/2022\/11\/20180301_135706-rotated.jpg 1280w, https:\/\/www.schutzgemeinschaft-ammersee.de\/wp\/wp-content\/uploads\/2022\/11\/20180301_135706-300x180.jpg 300w, https:\/\/www.schutzgemeinschaft-ammersee.de\/wp\/wp-content\/uploads\/2022\/11\/20180301_135706-1024x614.jpg 1024w, https:\/\/www.schutzgemeinschaft-ammersee.de\/wp\/wp-content\/uploads\/2022\/11\/20180301_135706-768x461.jpg 768w\" sizes=\"(max-width: 1280px) 100vw, 1280px\" \/><\/a>\n\t\t\t<\/div>\n\t\t\t\t<figcaption class='wp-caption-text gallery-caption' id='gallery-1-1702'>\n\t\t\t\tM\u00f6hen im Winter Foto: K. Bregler\n\t\t\t\t<\/figcaption><\/figure><figure class='gallery-item'>\n\t\t\t<div class='gallery-icon landscape'>\n\t\t\t\t<a href='https:\/\/www.schutzgemeinschaft-ammersee.de\/wp\/?attachment_id=853'><img width=\"4896\" height=\"3264\" src=\"https:\/\/www.schutzgemeinschaft-ammersee.de\/wp\/wp-content\/uploads\/2020\/11\/P1020513.jpg\" class=\"attachment-full size-full\" alt=\"\" decoding=\"async\" loading=\"lazy\" aria-describedby=\"gallery-1-853\" srcset=\"https:\/\/www.schutzgemeinschaft-ammersee.de\/wp\/wp-content\/uploads\/2020\/11\/P1020513.jpg 4896w, https:\/\/www.schutzgemeinschaft-ammersee.de\/wp\/wp-content\/uploads\/2020\/11\/P1020513-300x200.jpg 300w, https:\/\/www.schutzgemeinschaft-ammersee.de\/wp\/wp-content\/uploads\/2020\/11\/P1020513-768x512.jpg 768w, https:\/\/www.schutzgemeinschaft-ammersee.de\/wp\/wp-content\/uploads\/2020\/11\/P1020513-1024x683.jpg 1024w\" sizes=\"(max-width: 4896px) 100vw, 4896px\" \/><\/a>\n\t\t\t<\/div>\n\t\t\t\t<figcaption class='wp-caption-text gallery-caption' id='gallery-1-853'>\n\t\t\t\tM\u00e4hen mit dem Motorm\u00e4herarbeiten Foto: R. Grie\u00dfmeyer\n\t\t\t\t<\/figcaption><\/figure>\n\t\t<\/div>\n\n<p class=\"bodytext\">Der allergr\u00f6\u00dfte Teil unserer Arbeit ist die Landschaftspflege. Das M\u00e4hen der riesigen Streuwiesenfl\u00e4chen am S\u00fcdende das Ammersees, aber auch kleinerer Fl\u00e4chen, Hangquellmoore und Magerrasen, die zum Teil\u00a0\u00a0nur in Handarbeit gepflegt werden k\u00f6nnen. Die j\u00e4hrlichen M\u00e4harbeiten sind notwendig, um die, an die extensive Kulturlandschaft angepassten Arten zu erhalten und zu f\u00f6rdern.<\/p>\n<p class=\"bodytext\">Die Arbeit erfolgt mit eigenen Maschinen und mit Unterst\u00fctzung durch den Maschinenring. Da der Boden vieler Fl\u00e4chen oft nicht sehr tragf\u00e4hig ist, m\u00fcssen die Traktoren und Anbauger\u00e4te in der Regel mit einer Terra- oder Doppelbereifung ausgestattet sein. Manche Fl\u00e4chen sind nur mit Motorm\u00e4her zu befahren oder sogar nur mit dem Freischneider m\u00e4hbar.<\/p>\n","protected":false},"excerpt":{"rendered":"<p>Der allergr\u00f6\u00dfte Teil unserer Arbeit ist die Landschaftspflege. Das M\u00e4hen der riesigen Streuwiesenfl\u00e4chen am S\u00fcdende das Ammersees, aber auch kleinerer Fl\u00e4chen, Hangquellmoore und Magerrasen, die zum Teil\u00a0\u00a0nur in Handarbeit gepflegt werden k\u00f6nnen. Die j\u00e4hrlichen M\u00e4harbeiten sind notwendig, um die, an die extensive Kulturlandschaft angepassten Arten zu erhalten und zu f\u00f6rdern. Die Arbeit erfolgt mit eigenen &hellip; <a href=\"https:\/\/www.schutzgemeinschaft-ammersee.de\/wp\/?page_id=35\" class=\"more-link\">Continue reading <span class=\"screen-reader-text\">Landschaftspflege<\/span><\/a><\/p>\n","protected":false},"author":2,"featured_media":0,"parent":0,"menu_order":60,"comment_status":"closed","ping_status":"closed","template":"","meta":[],"_links":{"self":[{"href":"https:\/\/www.schutzgemeinschaft-ammersee.de\/wp\/index.php?rest_route=\/wp\/v2\/pages\/35"}],"collection":[{"href":"https:\/\/www.schutzgemeinschaft-ammersee.de\/wp\/index.php?rest_route=\/wp\/v2\/pages"}],"about":[{"href":"https:\/\/www.schutzgemeinschaft-ammersee.de\/wp\/index.php?rest_route=\/wp\/v2\/types\/page"}],"author":[{"embeddable":true,"href":"https:\/\/www.schutzgemeinschaft-ammersee.de\/wp\/index.php?rest_route=\/wp\/v2\/users\/2"}],"replies":[{"embeddable":true,"href":"https:\/\/www.schutzgemeinschaft-ammersee.de\/wp\/index.php?rest_route=%2Fwp%2Fv2%2Fcomments&post=35"}],"version-history":[{"count":6,"href":"https:\/\/www.schutzgemeinschaft-ammersee.de\/wp\/index.php?rest_route=\/wp\/v2\/pages\/35\/revisions"}],"predecessor-version":[{"id":1949,"href":"https:\/\/www.schutzgemeinschaft-ammersee.de\/wp\/index.php?rest_route=\/wp\/v2\/pages\/35\/revisions\/1949"}],"wp:attachment":[{"href":"https:\/\/www.schutzgemeinschaft-ammersee.de\/wp\/index.php?rest_route=%2Fwp%2Fv2%2Fmedia&parent=35"}],"curies":[{"name":"wp","href":"https:\/\/api.w.org\/{rel}","templated":true}]}}