{"id":375,"date":"2017-03-17T12:34:19","date_gmt":"2017-03-17T11:34:19","guid":{"rendered":"http:\/\/wp.schutzgemeinschaft-ammersee.de\/wp\/?page_id=375"},"modified":"2024-04-19T10:01:41","modified_gmt":"2024-04-19T09:01:41","slug":"uferschwalbenwaende","status":"publish","type":"page","link":"https:\/\/www.schutzgemeinschaft-ammersee.de\/wp\/?page_id=375","title":{"rendered":"Nisthilfen f\u00fcr Uferschwalben"},"content":{"rendered":"<div id=\"c201\">\n<div>\n<div>\n<p>In der Kiesgrube in Raisting hat es bis 2008 eine Uferschwalbenkolonie mit bis zu 30 Brutpaaren gegeben. Die Wand der Kiesgube in denen die Schwalben gebr\u00fctet haben, musste immer wieder abgeschoben werden, um den Schwalben Brutm\u00f6glichkeiten in den Bereichen zu geben, in denen sich der feine Schwei\u00dfsand befindet, in den sie ihre Brutr\u00f6hren graben k\u00f6nnen. Leider sind die Bruten vermehrt von wahrscheinlich Steinmardern aufgegraben und pr\u00e4diert worden, so dass die Schwalben die Wand immer weniger zur Br\u00fcten genutzt haben. Eine k\u00fcnstliche Nistwand sollte hier Abhilfe schaffen. 2010 haben wir dann mit gro\u00dfem Aufwand eine Kastenwand in der Kiesgrube in Raisting errichtet (<a href=\"_wp_link_placeholder\" data-wplink-edit=\"true\">siehe JB 2010<\/a>). Die Wand ist von den Uferschwalben leider nicht angenommen worden. Wom\u00f6glich entspricht sie nicht dem &#8220;Bild&#8221; eines Steilufers, weil sie wie ein Schrank isoliert in der Landschaft stand. <a href=\"https:\/\/www.schutzgemeinschaft-ammersee.de\/wp\/wp-content\/uploads\/2019\/04\/20190329_154139.jpg\"><img decoding=\"async\" loading=\"lazy\" class=\"aligncenter size-medium wp-image-722\" src=\"https:\/\/www.schutzgemeinschaft-ammersee.de\/wp\/wp-content\/uploads\/2019\/04\/20190329_154139-225x300.jpg\" alt=\"\" width=\"225\" height=\"300\" srcset=\"https:\/\/www.schutzgemeinschaft-ammersee.de\/wp\/wp-content\/uploads\/2019\/04\/20190329_154139-225x300.jpg 225w, https:\/\/www.schutzgemeinschaft-ammersee.de\/wp\/wp-content\/uploads\/2019\/04\/20190329_154139-768x1024.jpg 768w\" sizes=\"(max-width: 225px) 100vw, 225px\" \/><\/a> Im April 2019 haben wir die Wand dann hoch gehoben und sie in den Hang eingebaut, wo sie sich besser in den Verlauf des Hanges einf\u00fcgt. Leider ist auch diese Verbesserung von den Uferschwalben nicht angenommen worden. Immerhin br\u00fcten Sandbienen in den Brutr\u00f6hren. Diese Kastenwand ist 2024 aus der Kiesgrube entfernt worden und wird nun vom LBV in Dachau verwendet.<\/p>\n<\/div>\n<\/div>\n<\/div>\n<div id=\"c201\" class=\"csc-default\">\n<div class=\"csc-textpic csc-textpic-center csc-textpic-above\">\n<hr \/>\n<p class=\"bodytext\"><a href=\"http:\/\/wp.schutzgemeinschaft-ammersee.de\/wp\/wp-content\/uploads\/2017\/03\/fertige-Kasperlwand.jpg\"><img decoding=\"async\" loading=\"lazy\" class=\"aligncenter size-large wp-image-380\" src=\"http:\/\/wp.schutzgemeinschaft-ammersee.de\/wp\/wp-content\/uploads\/2017\/03\/fertige-Kasperlwand-1024x768.jpg\" alt=\"fertige-kasperlwand\" width=\"660\" height=\"495\" srcset=\"https:\/\/www.schutzgemeinschaft-ammersee.de\/wp\/wp-content\/uploads\/2017\/03\/fertige-Kasperlwand.jpg 1024w, https:\/\/www.schutzgemeinschaft-ammersee.de\/wp\/wp-content\/uploads\/2017\/03\/fertige-Kasperlwand-300x225.jpg 300w\" sizes=\"(max-width: 660px) 100vw, 660px\" \/><\/a><\/p>\n<p class=\"bodytext\">2014 wurde die unten beschriebene Wand noch einmal erweitert in der Hoffnung, dass sie dann\u00a0 attraktiv genug f\u00fcr die Uferschwalben sein w\u00fcrde. Leider wurde auch diese Wand bisher nicht angenommen. Wenn es keine passenden Brutm\u00f6glichkeiten f\u00fcr die Uferschwalben gibt, werden wir sie hier aus der Gegend verlieren.<\/p>\n<\/div>\n<div class=\"csc-textpic-clear\"><\/div>\n<\/div>\n<div id=\"c145\" class=\"csc-default\">\n<h3 class=\"csc-header csc-header-n2\">Eine neue Steilwand f\u00fcr die Uferschwalben<br \/>\n<img decoding=\"async\" loading=\"lazy\" class=\"spacer-gif\" title=\"\" src=\"http:\/\/wp.schutzgemeinschaft-ammersee.de\/clear.gif\" alt=\"\" width=\"1\" height=\"5\" border=\"0\" \/><\/h3>\n<div class=\"csc-textpic-text\">\n<p class=\"bodytext\">Unser Spezialist\u00a0Clemens Krafft hat\u00a0sich, auf Grund seiner langj\u00e4hrigen Erfahrungen mit Uferschwalbensteilw\u00e4nden\u00a0entschlossen, es mit einer\u00a0weiteren Wand zu probieren.<\/p>\n<p>Ende M\u00e4rz 2013 hat er zusammen mit seinen Helfern begonnen eine Wand\u00a0mit k\u00fcnstlichen Nistr\u00f6hren direkt vor die Wand der Kiesgrube\u00a0zu bauen. An dieser Stelle unser herzlicher Dank an die Helfer und an Familie Huttner, die ihre Kiesgrube daf\u00fcr sofort wieder\u00a0zur Verf\u00fcgung gestellt haben.<\/p>\n<p class=\"bodytext\">Mai 2013: es sieht so aus, als w\u00e4re die Wand angenommen worden. Von den 9 \u00a0installierten Brutr\u00f6hren sind 7 an\u00a0gegraben.<\/p>\n<p class=\"bodytext\">Juni 2013: immerhin 1 Brutr\u00f6hre scheint\u00a0besetzt<\/p>\n<h4 class=\"bodytext\">Eine Uferschwalbensteilwand entsteht (Fotos: G. Paschek)<\/h4>\n<div id='gallery-1' class='gallery galleryid-375 gallery-columns-2 gallery-size-full'><figure class='gallery-item'>\n\t\t\t<div class='gallery-icon landscape'>\n\t\t\t\t<a href='https:\/\/www.schutzgemeinschaft-ammersee.de\/wp\/?attachment_id=381'><img width=\"1040\" height=\"768\" src=\"https:\/\/www.schutzgemeinschaft-ammersee.de\/wp\/wp-content\/uploads\/2017\/03\/IMG_0547HPrahl.jpg\" class=\"attachment-full size-full\" alt=\"\" decoding=\"async\" loading=\"lazy\" srcset=\"https:\/\/www.schutzgemeinschaft-ammersee.de\/wp\/wp-content\/uploads\/2017\/03\/IMG_0547HPrahl.jpg 1040w, https:\/\/www.schutzgemeinschaft-ammersee.de\/wp\/wp-content\/uploads\/2017\/03\/IMG_0547HPrahl-300x222.jpg 300w, https:\/\/www.schutzgemeinschaft-ammersee.de\/wp\/wp-content\/uploads\/2017\/03\/IMG_0547HPrahl-1024x756.jpg 1024w\" sizes=\"(max-width: 1040px) 100vw, 1040px\" \/><\/a>\n\t\t\t<\/div><\/figure><figure class='gallery-item'>\n\t\t\t<div class='gallery-icon landscape'>\n\t\t\t\t<a href='https:\/\/www.schutzgemeinschaft-ammersee.de\/wp\/?attachment_id=383'><img width=\"1091\" height=\"768\" src=\"https:\/\/www.schutzgemeinschaft-ammersee.de\/wp\/wp-content\/uploads\/2017\/03\/IMG_0556.jpg\" class=\"attachment-full size-full\" alt=\"\" decoding=\"async\" loading=\"lazy\" aria-describedby=\"gallery-1-383\" srcset=\"https:\/\/www.schutzgemeinschaft-ammersee.de\/wp\/wp-content\/uploads\/2017\/03\/IMG_0556.jpg 1091w, https:\/\/www.schutzgemeinschaft-ammersee.de\/wp\/wp-content\/uploads\/2017\/03\/IMG_0556-300x211.jpg 300w, https:\/\/www.schutzgemeinschaft-ammersee.de\/wp\/wp-content\/uploads\/2017\/03\/IMG_0556-1024x721.jpg 1024w\" sizes=\"(max-width: 1091px) 100vw, 1091px\" \/><\/a>\n\t\t\t<\/div>\n\t\t\t\t<figcaption class='wp-caption-text gallery-caption' id='gallery-1-383'>\n\t\t\t\tBau Uferschwalbenwand\n\t\t\t\t<\/figcaption><\/figure><figure class='gallery-item'>\n\t\t\t<div class='gallery-icon landscape'>\n\t\t\t\t<a href='https:\/\/www.schutzgemeinschaft-ammersee.de\/wp\/?attachment_id=384'><img width=\"1025\" height=\"768\" src=\"https:\/\/www.schutzgemeinschaft-ammersee.de\/wp\/wp-content\/uploads\/2017\/03\/IMG_0558.jpg\" class=\"attachment-full size-full\" alt=\"\" decoding=\"async\" loading=\"lazy\" srcset=\"https:\/\/www.schutzgemeinschaft-ammersee.de\/wp\/wp-content\/uploads\/2017\/03\/IMG_0558.jpg 1025w, https:\/\/www.schutzgemeinschaft-ammersee.de\/wp\/wp-content\/uploads\/2017\/03\/IMG_0558-300x225.jpg 300w, https:\/\/www.schutzgemeinschaft-ammersee.de\/wp\/wp-content\/uploads\/2017\/03\/IMG_0558-1024x767.jpg 1024w\" sizes=\"(max-width: 1025px) 100vw, 1025px\" \/><\/a>\n\t\t\t<\/div><\/figure><figure class='gallery-item'>\n\t\t\t<div class='gallery-icon landscape'>\n\t\t\t\t<a href='https:\/\/www.schutzgemeinschaft-ammersee.de\/wp\/?attachment_id=385'><img width=\"800\" height=\"600\" src=\"https:\/\/www.schutzgemeinschaft-ammersee.de\/wp\/wp-content\/uploads\/2017\/03\/CIMG2396.jpg\" class=\"attachment-full size-full\" alt=\"\" decoding=\"async\" loading=\"lazy\" srcset=\"https:\/\/www.schutzgemeinschaft-ammersee.de\/wp\/wp-content\/uploads\/2017\/03\/CIMG2396.jpg 800w, https:\/\/www.schutzgemeinschaft-ammersee.de\/wp\/wp-content\/uploads\/2017\/03\/CIMG2396-300x225.jpg 300w\" sizes=\"(max-width: 800px) 100vw, 800px\" \/><\/a>\n\t\t\t<\/div><\/figure><figure class='gallery-item'>\n\t\t\t<div class='gallery-icon landscape'>\n\t\t\t\t<a href='https:\/\/www.schutzgemeinschaft-ammersee.de\/wp\/?attachment_id=386'><img width=\"800\" height=\"600\" src=\"https:\/\/www.schutzgemeinschaft-ammersee.de\/wp\/wp-content\/uploads\/2017\/03\/CIMG2409.jpg\" class=\"attachment-full size-full\" alt=\"\" decoding=\"async\" loading=\"lazy\" srcset=\"https:\/\/www.schutzgemeinschaft-ammersee.de\/wp\/wp-content\/uploads\/2017\/03\/CIMG2409.jpg 800w, https:\/\/www.schutzgemeinschaft-ammersee.de\/wp\/wp-content\/uploads\/2017\/03\/CIMG2409-300x225.jpg 300w\" sizes=\"(max-width: 800px) 100vw, 800px\" \/><\/a>\n\t\t\t<\/div><\/figure><figure class='gallery-item'>\n\t\t\t<div class='gallery-icon landscape'>\n\t\t\t\t<a href='https:\/\/www.schutzgemeinschaft-ammersee.de\/wp\/?attachment_id=387'><img width=\"1024\" height=\"768\" src=\"https:\/\/www.schutzgemeinschaft-ammersee.de\/wp\/wp-content\/uploads\/2017\/03\/DSCI9767.jpg\" class=\"attachment-full size-full\" alt=\"\" decoding=\"async\" loading=\"lazy\" srcset=\"https:\/\/www.schutzgemeinschaft-ammersee.de\/wp\/wp-content\/uploads\/2017\/03\/DSCI9767.jpg 1024w, https:\/\/www.schutzgemeinschaft-ammersee.de\/wp\/wp-content\/uploads\/2017\/03\/DSCI9767-300x225.jpg 300w\" sizes=\"(max-width: 1024px) 100vw, 1024px\" \/><\/a>\n\t\t\t<\/div><\/figure>\n\t\t<\/div>\n\n<\/div>\n<\/div>\n","protected":false},"excerpt":{"rendered":"<p>In der Kiesgrube in Raisting hat es bis 2008 eine Uferschwalbenkolonie mit bis zu 30 Brutpaaren gegeben. Die Wand der Kiesgube in denen die Schwalben gebr\u00fctet haben, musste immer wieder abgeschoben werden, um den Schwalben Brutm\u00f6glichkeiten in den Bereichen zu geben, in denen sich der feine Schwei\u00dfsand befindet, in den sie ihre Brutr\u00f6hren graben k\u00f6nnen. &hellip; <a href=\"https:\/\/www.schutzgemeinschaft-ammersee.de\/wp\/?page_id=375\" class=\"more-link\">Continue reading <span class=\"screen-reader-text\">Nisthilfen f\u00fcr Uferschwalben<\/span><\/a><\/p>\n","protected":false},"author":3,"featured_media":0,"parent":24,"menu_order":50,"comment_status":"closed","ping_status":"closed","template":"","meta":[],"_links":{"self":[{"href":"https:\/\/www.schutzgemeinschaft-ammersee.de\/wp\/index.php?rest_route=\/wp\/v2\/pages\/375"}],"collection":[{"href":"https:\/\/www.schutzgemeinschaft-ammersee.de\/wp\/index.php?rest_route=\/wp\/v2\/pages"}],"about":[{"href":"https:\/\/www.schutzgemeinschaft-ammersee.de\/wp\/index.php?rest_route=\/wp\/v2\/types\/page"}],"author":[{"embeddable":true,"href":"https:\/\/www.schutzgemeinschaft-ammersee.de\/wp\/index.php?rest_route=\/wp\/v2\/users\/3"}],"replies":[{"embeddable":true,"href":"https:\/\/www.schutzgemeinschaft-ammersee.de\/wp\/index.php?rest_route=%2Fwp%2Fv2%2Fcomments&post=375"}],"version-history":[{"count":28,"href":"https:\/\/www.schutzgemeinschaft-ammersee.de\/wp\/index.php?rest_route=\/wp\/v2\/pages\/375\/revisions"}],"predecessor-version":[{"id":1959,"href":"https:\/\/www.schutzgemeinschaft-ammersee.de\/wp\/index.php?rest_route=\/wp\/v2\/pages\/375\/revisions\/1959"}],"up":[{"embeddable":true,"href":"https:\/\/www.schutzgemeinschaft-ammersee.de\/wp\/index.php?rest_route=\/wp\/v2\/pages\/24"}],"wp:attachment":[{"href":"https:\/\/www.schutzgemeinschaft-ammersee.de\/wp\/index.php?rest_route=%2Fwp%2Fv2%2Fmedia&parent=375"}],"curies":[{"name":"wp","href":"https:\/\/api.w.org\/{rel}","templated":true}]}}