{"id":548,"date":"2017-09-20T08:23:09","date_gmt":"2017-09-20T07:23:09","guid":{"rendered":"https:\/\/www.schutzgemeinschaft-ammersee.de\/wp\/?page_id=548"},"modified":"2025-06-25T07:04:59","modified_gmt":"2025-06-25T06:04:59","slug":"imressum","status":"publish","type":"page","link":"https:\/\/www.schutzgemeinschaft-ammersee.de\/wp\/?page_id=548","title":{"rendered":"Impressum und Datenschutz"},"content":{"rendered":"<div id=\"c120\" class=\"csc-default\">\n<div class=\"csc-header csc-header-n1\">Schutzgemeinschaft Ammersee e.V.<img decoding=\"async\" loading=\"lazy\" class=\"spacer-gif\" title=\"\" src=\"http:\/\/wp.schutzgemeinschaft-ammersee.de\/clear.gif\" alt=\"\" width=\"1\" height=\"5\" border=\"0\" \/><\/div>\n<div class=\"csc-header csc-header-n1\">Gr\u00e4benbachweg 11<\/div>\n<p class=\"bodytext\">82399 Raisting<\/p>\n<p class=\"bodytext\">Tel.\/ AB 08807 &#8211; 9493489<\/p>\n<p class=\"bodytext\">E-Mail: schutzgemeinschaft.ammersee(at)t-online.de<\/p>\n<p class=\"bodytext\">V.i.S.d.P.: Markus Layritz<\/p>\n<p class=\"bodytext\"><b>* Haftungsbeschr\u00e4nkung f\u00fcr eigene Inhalte<\/b>\u00a0Die Inhalte unserer Webseiten wurden sorgf\u00e4ltig und nach bestem Gewissen erstellt. Gleichwohl kann f\u00fcr die Aktualit\u00e4t, Vollst\u00e4ndigkeit und Richtigkeit s\u00e4mtlicher Seiten keine Gew\u00e4hr \u00fcbernommen werden. Gem\u00e4\u00df \u00a7 7 Abs. 1 TMG sind wir als Diensteanbieter f\u00fcr eigene Inhalte auf diesen Seiten nach den allgemeinen Gesetzen verantwortlich. Wir sind als Diensteanbieter nach den \u00a7\u00a7 8 bis 10 TMG jedoch nicht verpflichtet, \u00fcbermittelte oder gespeicherte fremde Informationen zu \u00fcberwachen. Ab dem Zeitpunkt der Kenntnis einer konkreten Rechtsverletzung erfolgt eine umgehende Entfernung dieser Inhalte durch uns. Eine diesbez\u00fcgliche Haftung kann erst ab dem Zeitpunkt der Kenntniserlangung \u00fcbernommen werden.<\/p>\n<p class=\"bodytext\"><b>* Haftungsbeschr\u00e4nkung f\u00fcr externe Links<\/b>\u00a0Unsere Webseite enth\u00e4lt Verkn\u00fcpfungen zu Webseiten Dritter (sog. \u201eexterne Links\u201c). Da wir auf deren Inhalte keinen Einfluss haben, kann f\u00fcr die fremden Inhalte keine Gew\u00e4hr \u00fcbernommen werden. F\u00fcr die Inhalte und Richtigkeit der Informationen ist stets der jeweilige Informationsanbieter der verlinkten Webseite verantwortlich. Zum Zeitpunkt der Verlinkung waren keine Rechtsverst\u00f6\u00dfe erkennbar. Sobald uns eine Rechtsverletzung bekannt wird, werden wir den jeweiligen Link umgehend entfernen.<\/p>\n<p class=\"bodytext\"><b>* Urheberrecht<\/b>\u00a0Die auf dieser Webseite ver\u00f6ffentlichten Inhalte und Werke unterliegen dem deutschen Urheberrecht. Jede Vervielf\u00e4ltigung, Bearbeitung, Verbreitung und jede Art der Verwertung au\u00dferhalb der Grenzen des Urheberrechts bed\u00fcrfen der vorherigen schriftlichen Zustimmung des jeweiligen Urhebers bzw. Autors.<\/p>\n<p class=\"bodytext\"><b>* Datenschutz<\/b>\u00a0Durch den Besuch unserer Webseite k\u00f6nnen Informationen \u00fcber den Zugriff (Datum, Uhrzeit, aufgerufene Seite) auf dem Server gespeichert werden. Dies stellt keine Auswertung personenbezogener Daten (z.B. Name, Anschrift oder E-Mail Adresse) dar. Sofern personenbezogene Daten erhoben werden, erfolgt dies \u2013 sofern m\u00f6glich \u2013 nur mit dem vorherigen Einverst\u00e4ndnis des Nutzers der Webseite. Eine Weiterleitung der Daten an Dritte findet ohne ausdr\u00fcckliche Zustimmung des Nutzers nicht statt. Wir weisen ausdr\u00fccklich darauf hin, dass die \u00dcbertragung von Daten im Internet (z.B. per E-Mail) Sicherheitsl\u00fccken aufweisen kann. Ein l\u00fcckenloser Schutz der Daten vor dem Zugriff Dritter ist nicht m\u00f6glich. Wir k\u00f6nnen keine Haftung f\u00fcr die durch solche Sicherheitsl\u00fccken entstehenden Sch\u00e4den \u00fcbernehmen. Der Verwendung aller ver\u00f6ffentlichten Kontaktdaten durch Dritte zum Zwecke von Werbung wird ausdr\u00fccklich widersprochen. Wir behalten uns rechtliche Schritte f\u00fcr den Fall der unverlangten Zusendung von Werbeinformationen, z.B. durch Spam-Mails, vor.<\/p>\n<p class=\"bodytext\">Quelle:\u00a0<a href=\"http:\/\/www.mustervorlage.net\/disclaimer-muster\" target=\"_blank\" rel=\"noopener noreferrer\">Disclaimer-Vorlage<\/a>\u00a0in Zusammenarbeit mit\u00a0<a href=\"http:\/\/www.unternehmensnachfolge-berater.de\/\" target=\"_blank\" rel=\"noopener noreferrer\">ROSE &amp; PARTNER LLP<\/a><\/p>\n<\/div>\n<div id=\"c119\" class=\"csc-default\">\n<p class=\"bodytext\"><b>Hinweise zum Urheberrecht<\/b><\/p>\n<p class=\"bodytext\">Grunds\u00e4tzlich unterliegen die Web-Seiten der Schutzgmenschaft Ammersee und deren Inhalte dem deutschen Leistungsschutz- und Urheberrecht. Eine vom Urheberrecht nicht zugelassene Verwertung bedarf vorheriger schriftlicher Zustimmung der Anbieter. Fotokopien oder Downloads von Webseiten d\u00fcrfen nur f\u00fcr den pers\u00f6nlichen, privaten und nicht-kommerziellen Gebrauch hergestellt werden.<\/p>\n<p><strong>Info zur Datenschutzgrundverordnung f\u00fcr Mitglieder<\/strong><\/p>\n<p>Die Schutzgemeinschaft Ammersee e.V. verarbeitet die erhobenen Daten ihrer Mitglieder ausschlie\u00dflich zum Zweck der Beitragserhebung\/Beitragsbearbeitung\/Lastschrifteinzug und Erstellung der Spendenbescheinigungen. Dar\u00fcber hinaus werden die Daten f\u00fcr Einladungen zur Jahresversammlung, zum Versand der Jahresberichte und zum Mitgliederschriftverkehr per Post verwendet. Die Daten werden nicht an Dritte weitergegeben.<\/p>\n<p class=\"bodytext\">\n<\/div>\n","protected":false},"excerpt":{"rendered":"<p>Schutzgemeinschaft Ammersee e.V. Gr\u00e4benbachweg 11 82399 Raisting Tel.\/ AB 08807 &#8211; 9493489 E-Mail: schutzgemeinschaft.ammersee(at)t-online.de V.i.S.d.P.: Markus Layritz * Haftungsbeschr\u00e4nkung f\u00fcr eigene Inhalte\u00a0Die Inhalte unserer Webseiten wurden sorgf\u00e4ltig und nach bestem Gewissen erstellt. Gleichwohl kann f\u00fcr die Aktualit\u00e4t, Vollst\u00e4ndigkeit und Richtigkeit s\u00e4mtlicher Seiten keine Gew\u00e4hr \u00fcbernommen werden. Gem\u00e4\u00df \u00a7 7 Abs. 1 TMG sind wir als &hellip; <a href=\"https:\/\/www.schutzgemeinschaft-ammersee.de\/wp\/?page_id=548\" class=\"more-link\">Continue reading <span class=\"screen-reader-text\">Impressum und Datenschutz<\/span><\/a><\/p>\n","protected":false},"author":3,"featured_media":0,"parent":0,"menu_order":80,"comment_status":"closed","ping_status":"closed","template":"","meta":[],"_links":{"self":[{"href":"https:\/\/www.schutzgemeinschaft-ammersee.de\/wp\/index.php?rest_route=\/wp\/v2\/pages\/548"}],"collection":[{"href":"https:\/\/www.schutzgemeinschaft-ammersee.de\/wp\/index.php?rest_route=\/wp\/v2\/pages"}],"about":[{"href":"https:\/\/www.schutzgemeinschaft-ammersee.de\/wp\/index.php?rest_route=\/wp\/v2\/types\/page"}],"author":[{"embeddable":true,"href":"https:\/\/www.schutzgemeinschaft-ammersee.de\/wp\/index.php?rest_route=\/wp\/v2\/users\/3"}],"replies":[{"embeddable":true,"href":"https:\/\/www.schutzgemeinschaft-ammersee.de\/wp\/index.php?rest_route=%2Fwp%2Fv2%2Fcomments&post=548"}],"version-history":[{"count":9,"href":"https:\/\/www.schutzgemeinschaft-ammersee.de\/wp\/index.php?rest_route=\/wp\/v2\/pages\/548\/revisions"}],"predecessor-version":[{"id":2035,"href":"https:\/\/www.schutzgemeinschaft-ammersee.de\/wp\/index.php?rest_route=\/wp\/v2\/pages\/548\/revisions\/2035"}],"wp:attachment":[{"href":"https:\/\/www.schutzgemeinschaft-ammersee.de\/wp\/index.php?rest_route=%2Fwp%2Fv2%2Fmedia&parent=548"}],"curies":[{"name":"wp","href":"https:\/\/api.w.org\/{rel}","templated":true}]}}